{"id":9,"date":"2007-11-26T01:07:56","date_gmt":"2007-11-25T23:07:56","guid":{"rendered":"http:\/\/www.ilmenau.org\/sites\/?page_id=9"},"modified":"2012-04-06T00:10:26","modified_gmt":"2012-04-05T23:10:26","slug":"grafische-befundung","status":"publish","type":"page","link":"https:\/\/www.ilmenau.org\/sites\/willkommen\/turbomed-leistungsbeschreibung\/grafische-befundung\/","title":{"rendered":"Grafische Befundung"},"content":{"rendered":"<ul>\n<li>Schnelle und intuitive Befundung<\/li>\n<li>Umfangreiches Bild- und Textmaterial<\/li>\n<\/ul>\n<p>Eine phantastische Idee: Sie fahren mit der Maus \u00fcber eine anatomische Abbildung und durch Klicken an der richtigen Stelle wird vollautomatisch ein passender Text generiert: das ist die grafische Befundung bei TurboMed. Jeder Mausklick auf dem Bild generiert einen passenden Befund-Text f\u00fcr die \u00dcbernahme in die elektronische Karteikarte &#8211; noch nie war das Befunden so einfach&#8230;<\/p>\n<p style=\"text-align: center;\"><a href=\"https:\/\/www.ilmenau.org\/sites\/wp-content\/uploads\/2007\/11\/GrafischeBefundung.gif\"><img loading=\"lazy\" decoding=\"async\" class=\"aligncenter size-full wp-image-908\" title=\"GrafischeBefundung\" src=\"https:\/\/www.ilmenau.org\/sites\/wp-content\/uploads\/2007\/11\/GrafischeBefundung.gif\" alt=\"\" width=\"363\" height=\"274\" srcset=\"https:\/\/www.ilmenau.org\/sites\/wp-content\/uploads\/2007\/11\/GrafischeBefundung.gif 363w, https:\/\/www.ilmenau.org\/sites\/wp-content\/uploads\/2007\/11\/GrafischeBefundung-300x226.gif 300w\" sizes=\"auto, (max-width: 363px) 100vw, 363px\" \/><\/a><\/p>\n<p>Der Befundungsbaum ist in der Art des Windows-Explorers aufgebaut und ist in unterschiedlich tiefe Ebenen unterteilt. Die Befundungstexte und auch die Grafiken k\u00f6nnen jederzeit individuell ver\u00e4ndert und erg\u00e4nzt werden. Sogar selbst erstellte Grafiken oder Fotos k\u00f6nnen zu bestehenden oder neuen Befundungsb\u00e4umen eingebunden werden. Programmierkenntnisse sind daf\u00fcr nicht notwendig! Wenn der Befund vollst\u00e4ndig zusammengetragen ist, wird der nun erstellte Text, der in dem unteren Bereich des Fensters angezeigt wird, mit einem Mausklick in die Karteikarte \u00fcbernommen.<\/p>\n<p>Das folgende Beispiel zeigt, wie schnell, dazu noch mit automatisch erscheinenden Auswahlen, ein Befund der Coronararterien erstellt werden kann:<\/p>\n<p style=\"text-align: center;\"><a href=\"https:\/\/www.ilmenau.org\/sites\/wp-content\/uploads\/2007\/11\/Coronar.jpg\"><img decoding=\"async\" class=\"aligncenter  wp-image-909\" title=\"Coronar\" src=\"https:\/\/www.ilmenau.org\/sites\/wp-content\/uploads\/2007\/11\/Coronar.jpg\" alt=\"\" width=\"520\" srcset=\"https:\/\/www.ilmenau.org\/sites\/wp-content\/uploads\/2007\/11\/Coronar.jpg 550w, https:\/\/www.ilmenau.org\/sites\/wp-content\/uploads\/2007\/11\/Coronar-300x144.jpg 300w\" sizes=\"(max-width: 550px) 100vw, 550px\" \/><\/a><\/p>\n<p>Per Click wird somit folgender Text generiert: &#8218;RIVA mittleres Drittel mit Stenose, dabei Lumeneinengung von 50%&#8216;<\/p>\n<p>Schnell, d.h. mit nur wenigen Klicks, kann auch ein Gastroskopie-Befund generiert werden:<\/p>\n<p style=\"text-align: center;\"><a href=\"https:\/\/www.ilmenau.org\/sites\/wp-content\/uploads\/2007\/11\/Gastroskopie.jpg\"><img decoding=\"async\" class=\"aligncenter  wp-image-910\" title=\"Gastroskopie\" src=\"https:\/\/www.ilmenau.org\/sites\/wp-content\/uploads\/2007\/11\/Gastroskopie.jpg\" alt=\"\" width=\"520\" srcset=\"https:\/\/www.ilmenau.org\/sites\/wp-content\/uploads\/2007\/11\/Gastroskopie.jpg 550w, https:\/\/www.ilmenau.org\/sites\/wp-content\/uploads\/2007\/11\/Gastroskopie-300x155.jpg 300w\" sizes=\"(max-width: 550px) 100vw, 550px\" \/><\/a><\/p>\n<p>TurboMed liefert bereits umfangreiches Bild- und Textmaterial mit aus, welches st\u00e4ndig aktualisiert und erweitert wird. So sind schnelle und qualitativ hochwertige Befundtexte mit einer gleichbleibenden Wortwahl m\u00f6glich. Das betrifft z.B. auch die vollst\u00e4ndige, strukturierte Erstanamnese: so hilft eine Vorlage -wie im folgenden Bild gezeigt- doch sehr, um einen vollst\u00e4ndigen Status des Patienten in k\u00fcrzester Zeit, aber eben doch vollst\u00e4ndig zu erheben&#8230;<\/p>\n","protected":false},"excerpt":{"rendered":"<p>Schnelle und intuitive Befundung Umfangreiches Bild- und Textmaterial Eine phantastische Idee: Sie fahren mit der Maus \u00fcber eine anatomische Abbildung und durch Klicken an der richtigen Stelle wird vollautomatisch ein passender Text generiert: das ist die grafische Befundung bei TurboMed. Jeder Mausklick auf dem Bild generiert einen passenden Befund-Text f\u00fcr die \u00dcbernahme in die elektronische [&hellip;]<\/p>\n","protected":false},"author":1,"featured_media":0,"parent":285,"menu_order":7,"comment_status":"closed","ping_status":"closed","template":"","meta":{"footnotes":""},"class_list":["post-9","page","type-page","status-publish","hentry"],"_links":{"self":[{"href":"https:\/\/www.ilmenau.org\/sites\/wp-json\/wp\/v2\/pages\/9","targetHints":{"allow":["GET"]}}],"collection":[{"href":"https:\/\/www.ilmenau.org\/sites\/wp-json\/wp\/v2\/pages"}],"about":[{"href":"https:\/\/www.ilmenau.org\/sites\/wp-json\/wp\/v2\/types\/page"}],"author":[{"embeddable":true,"href":"https:\/\/www.ilmenau.org\/sites\/wp-json\/wp\/v2\/users\/1"}],"replies":[{"embeddable":true,"href":"https:\/\/www.ilmenau.org\/sites\/wp-json\/wp\/v2\/comments?post=9"}],"version-history":[{"count":7,"href":"https:\/\/www.ilmenau.org\/sites\/wp-json\/wp\/v2\/pages\/9\/revisions"}],"predecessor-version":[{"id":460,"href":"https:\/\/www.ilmenau.org\/sites\/wp-json\/wp\/v2\/pages\/9\/revisions\/460"}],"up":[{"embeddable":true,"href":"https:\/\/www.ilmenau.org\/sites\/wp-json\/wp\/v2\/pages\/285"}],"wp:attachment":[{"href":"https:\/\/www.ilmenau.org\/sites\/wp-json\/wp\/v2\/media?parent=9"}],"curies":[{"name":"wp","href":"https:\/\/api.w.org\/{rel}","templated":true}]}}