{"id":744,"date":"2012-03-13T00:57:40","date_gmt":"2012-03-12T23:57:40","guid":{"rendered":"http:\/\/www.ilmenau.org\/sites\/?page_id=744"},"modified":"2018-03-08T18:20:49","modified_gmt":"2018-03-08T17:20:49","slug":"patpanel-das-ultimative-system-zum-patientenaufruf","status":"publish","type":"page","link":"https:\/\/www.ilmenau.org\/sites\/patpanel-das-ultimative-system-zum-patientenaufruf\/","title":{"rendered":"PatPanel\u00a9 &#8211; Das ultimative Patientenaufrufsystem"},"content":{"rendered":"<h1 style=\"text-align: center;\"><span style=\"color: #ff0000;\">Momentan leider vergriffen! Nachschub folgt.<\/span><\/h1>\n<p style=\"text-align: center;\"><a class=\"lytebox\" href=\"https:\/\/www.ilmenau.org\/sites\/wp-content\/uploads\/2012\/03\/Panel-fertig.jpg\"><img loading=\"lazy\" decoding=\"async\" class=\"aligncenter size-full wp-image-1024\" title=\"Panel-fertig\" src=\"https:\/\/www.ilmenau.org\/sites\/wp-content\/uploads\/2012\/03\/Panel-fertig.jpg\" alt=\"\" width=\"520\" height=\"93\" srcset=\"https:\/\/www.ilmenau.org\/sites\/wp-content\/uploads\/2012\/03\/Panel-fertig.jpg 520w, https:\/\/www.ilmenau.org\/sites\/wp-content\/uploads\/2012\/03\/Panel-fertig-150x26.jpg 150w, https:\/\/www.ilmenau.org\/sites\/wp-content\/uploads\/2012\/03\/Panel-fertig-300x53.jpg 300w\" sizes=\"auto, (max-width: 520px) 100vw, 520px\" \/><\/a><\/p>\n<h2>Patienten aus Wartezimmern aufrufen<\/h2>\n<table cellspacing=\"10\" cellpadding=\"20\" align=\"center\">\n<tbody>\n<tr id=\"\" dir=\"\" lang=\"\" align=\"center\" valign=\"top\" bgcolor=\"\">\n<td><a class=\"lytebox\" href=\"https:\/\/www.ilmenau.org\/sites\/wp-content\/uploads\/2012\/03\/DSCF0735b.jpg\"><img loading=\"lazy\" decoding=\"async\" class=\"alignleft wp-image-1020 size-medium\" src=\"https:\/\/www.ilmenau.org\/sites\/wp-content\/uploads\/2012\/03\/DSCF0735b-200x300.jpg\" alt=\"\" width=\"200\" height=\"300\" srcset=\"https:\/\/www.ilmenau.org\/sites\/wp-content\/uploads\/2012\/03\/DSCF0735b-200x300.jpg 200w, https:\/\/www.ilmenau.org\/sites\/wp-content\/uploads\/2012\/03\/DSCF0735b-100x150.jpg 100w, https:\/\/www.ilmenau.org\/sites\/wp-content\/uploads\/2012\/03\/DSCF0735b.jpg 520w\" sizes=\"auto, (max-width: 200px) 100vw, 200px\" \/><\/a><\/td>\n<td style=\"text-align: justify;\">PatPanel ist eine Entwicklung unserer Firma um Informationen besonders leicht und effektiv zu den Wartezimmern zu \u00fcbertragen. Die Netzwerkdisplays werden einfach im Wartezimmer montiert und von den jeweiligen PC in der Praxis mit einem Klick \u00fcber das Netzwerk beschickt. Es ist kein PC am Panel notwendig. Strom- und Netzwerkanschluss gen\u00fcgen. Selbst wenn im Wartebereich kein Netzwerkanschluss existiert &#8211; eine Vernetzung ist in jedem Fall z.B. \u00fcber das Stromnetz\u00a0 m\u00f6glich.<\/td>\n<\/tr>\n<\/tbody>\n<\/table>\n<h3>Einige herausragende Eigenschaften:<\/h3>\n<ul>\n<li>kinderleichte Bedienung<\/li>\n<li>einfache Installation<\/li>\n<li>kein zus\u00e4tzlicher Computer notwendig<\/li>\n<li>Vernetzung (Ethernet) \u00fcber Kabel oder Stromnetz<\/li>\n<li>geringe Leistungsaufnahme (ca. 4W) &#8211;&gt; stromsparend!<\/li>\n<li>\u00fcberschaubare Anschaffungs- und geringe Betriebskosten<\/li>\n<li>mehrere Displays pro Praxis m\u00f6glich (mehrere Wartebereiche)<\/li>\n<li>angenehmes akustisches Ger\u00e4usch um die Aufmerksamkeit der Patienten zu erlangen<\/li>\n<li>Zeitsteuerung f\u00fcr abendliches Ausschalten und morgendliches Einschalten<\/li>\n<li>Anzeige von Uhrzeit und Datum im Wartezimmer<\/li>\n<li>Protokollierung\u00a0des Aufrufes in der Patientenakte<\/li>\n<li>Entlastung des Personals<\/li>\n<\/ul>\n<h3>Der Aufruf geschieht direkt aus dem Patientenfenster<\/h3>\n<p style=\"text-align: center;\"><a class=\"lytebox\" href=\"https:\/\/www.ilmenau.org\/sites\/wp-content\/uploads\/2012\/03\/pp1.jpg\"><img loading=\"lazy\" decoding=\"async\" class=\"aligncenter wp-image-770 size-full\" title=\"PatPanel\" src=\"https:\/\/www.ilmenau.org\/sites\/wp-content\/uploads\/2012\/03\/pp1.jpg\" alt=\"\" width=\"520\" height=\"369\" \/><\/a><\/p>\n<h3>Auswahl der Textnachricht<\/h3>\n<p>Jetzt k\u00f6nnen Sie eins von den 6 Presets oder freien Text w\u00e4hlen. Der Text wird ebenso wie die Uhrzeit sofort auf das Display \u00fcbertragen. Kurz zuvor ert\u00f6nt ein angenehmes Ger\u00e4usch um die Aufmerksamkeit der Patienten zu erlangen.<br \/>\n<a class=\"lytebox\" href=\"https:\/\/www.ilmenau.org\/sites\/wp-content\/uploads\/2012\/03\/pp3.jpg\"><img loading=\"lazy\" decoding=\"async\" class=\"aligncenter wp-image-772 size-full\" title=\"pp3\" src=\"https:\/\/www.ilmenau.org\/sites\/wp-content\/uploads\/2012\/03\/pp3.jpg\" alt=\"\" width=\"520\" height=\"321\" srcset=\"https:\/\/www.ilmenau.org\/sites\/wp-content\/uploads\/2012\/03\/pp3.jpg 520w, https:\/\/www.ilmenau.org\/sites\/wp-content\/uploads\/2012\/03\/pp3-300x185.jpg 300w\" sizes=\"auto, (max-width: 520px) 100vw, 520px\" \/><\/a><\/p>\n<h3>Einstellungsmen\u00fc<\/h3>\n<p>\u00dcber die Voreinstellungen k\u00f6nnen Sie sowohl die IP der Panels als auch die Presettexte \u00e4ndern.<br \/>\n<a class=\"lytebox\" href=\"https:\/\/www.ilmenau.org\/sites\/wp-content\/uploads\/2012\/04\/pp2.jpg\"><img loading=\"lazy\" decoding=\"async\" class=\"aligncenter wp-image-869 size-full\" title=\"PatPanel-Setup\" src=\"https:\/\/www.ilmenau.org\/sites\/wp-content\/uploads\/2012\/04\/pp2.jpg\" alt=\"Einstellungsmen\u00fc\" width=\"520\" height=\"420\" srcset=\"https:\/\/www.ilmenau.org\/sites\/wp-content\/uploads\/2012\/04\/pp2.jpg 520w, https:\/\/www.ilmenau.org\/sites\/wp-content\/uploads\/2012\/04\/pp2-300x242.jpg 300w\" sizes=\"auto, (max-width: 520px) 100vw, 520px\" \/><\/a><\/p>\n<h3>Karteikarteneintrag<\/h3>\n<p>Der Eintrag in die Patientenakte bietet die M\u00f6glichkeit, den Nachweis \u00fcber den Patientenaufruf zu f\u00fchren.<br \/>\n<a class=\"lytebox\" href=\"https:\/\/www.ilmenau.org\/sites\/wp-content\/uploads\/2012\/03\/pp4.jpg\"><img loading=\"lazy\" decoding=\"async\" class=\"aligncenter wp-image-784 size-full\" title=\"pp4\" src=\"https:\/\/www.ilmenau.org\/sites\/wp-content\/uploads\/2012\/03\/pp4.jpg\" alt=\"\" width=\"520\" height=\"102\" srcset=\"https:\/\/www.ilmenau.org\/sites\/wp-content\/uploads\/2012\/03\/pp4.jpg 520w, https:\/\/www.ilmenau.org\/sites\/wp-content\/uploads\/2012\/03\/pp4-300x58.jpg 300w\" sizes=\"auto, (max-width: 520px) 100vw, 520px\" \/><\/a><br \/>\nDas Produkt wird st\u00e4ndig weiterentwickelt. Bei Interesse schicken Sie uns bitte eine Mail \u00fcber die Kontaktseite.<\/p>\n<h3>Anzeige im Wartezimmer<\/h3>\n<p><a class=\"lytebox\" href=\"https:\/\/www.ilmenau.org\/sites\/wp-content\/uploads\/2017\/02\/signbot.gif\"><img loading=\"lazy\" decoding=\"async\" class=\"aligncenter size-full wp-image-1530\" src=\"https:\/\/www.ilmenau.org\/sites\/wp-content\/uploads\/2017\/02\/signbot.gif\" alt=\"\" width=\"249\" height=\"40\" \/><\/a>Bevor die Anzeige startet wird ein angenehmer und gut h\u00f6rbarer Gong-Ton zweimal erzeugt. Erst dann startet die Anzeige. Danach kann per Klick \u00a0Uhrzeit und Datum dargestellt werden. Die Anzeige l\u00e4uft im Original ruhig, ruckelfrei und klar lesbar ab und wurde bereits in mehreren Praxen erfolgreich getestet.<\/p>\n","protected":false},"excerpt":{"rendered":"<p>Momentan leider vergriffen! Nachschub folgt. Patienten aus Wartezimmern aufrufen PatPanel ist eine Entwicklung unserer Firma um Informationen besonders leicht und effektiv zu den Wartezimmern zu \u00fcbertragen. Die Netzwerkdisplays werden einfach im Wartezimmer montiert und von den jeweiligen PC in der Praxis mit einem Klick \u00fcber das Netzwerk beschickt. Es ist kein PC am Panel notwendig. [&hellip;]<\/p>\n","protected":false},"author":1,"featured_media":0,"parent":0,"menu_order":0,"comment_status":"closed","ping_status":"closed","template":"","meta":{"footnotes":""},"class_list":["post-744","page","type-page","status-publish","hentry"],"_links":{"self":[{"href":"https:\/\/www.ilmenau.org\/sites\/wp-json\/wp\/v2\/pages\/744","targetHints":{"allow":["GET"]}}],"collection":[{"href":"https:\/\/www.ilmenau.org\/sites\/wp-json\/wp\/v2\/pages"}],"about":[{"href":"https:\/\/www.ilmenau.org\/sites\/wp-json\/wp\/v2\/types\/page"}],"author":[{"embeddable":true,"href":"https:\/\/www.ilmenau.org\/sites\/wp-json\/wp\/v2\/users\/1"}],"replies":[{"embeddable":true,"href":"https:\/\/www.ilmenau.org\/sites\/wp-json\/wp\/v2\/comments?post=744"}],"version-history":[{"count":133,"href":"https:\/\/www.ilmenau.org\/sites\/wp-json\/wp\/v2\/pages\/744\/revisions"}],"predecessor-version":[{"id":1784,"href":"https:\/\/www.ilmenau.org\/sites\/wp-json\/wp\/v2\/pages\/744\/revisions\/1784"}],"wp:attachment":[{"href":"https:\/\/www.ilmenau.org\/sites\/wp-json\/wp\/v2\/media?parent=744"}],"curies":[{"name":"wp","href":"https:\/\/api.w.org\/{rel}","templated":true}]}}