{"id":716,"date":"2011-06-26T19:33:02","date_gmt":"2011-06-26T18:33:02","guid":{"rendered":"http:\/\/www.ilmenau.org\/sites\/?page_id=716"},"modified":"2012-10-12T02:44:52","modified_gmt":"2012-10-12T01:44:52","slug":"cgm-mobile-app-fur-iphone","status":"publish","type":"page","link":"https:\/\/www.ilmenau.org\/sites\/willkommen\/cgm-mobile-app-fur-iphone\/","title":{"rendered":"CGM Mobile App f\u00fcr iPhone"},"content":{"rendered":"<h2>++ JETZT VERF\u00dcGBAR IM APP STORE ++<\/h2>\n<h3>Die CGM Mobile App f\u00fcr iPhone und TurboMed\u2013Ihre mobile Praxis-EDV<\/h3>\n<p><a href=\"https:\/\/www.ilmenau.org\/sites\/wp-content\/uploads\/2011\/06\/IPhone.jpg\"><img loading=\"lazy\" decoding=\"async\" width=\"150\" height=\"150\" class=\"alignleft size-thumbnail wp-image-705\" style=\"width: 75px; height: 75px;\" title=\"IPhone\" src=\"https:\/\/www.ilmenau.org\/sites\/wp-content\/uploads\/2011\/06\/IPhone-150x150.jpg\" alt=\"\" \/><\/a><\/p>\n<p style=\"padding-left: 90px;\"><strong>Die L\u00f6sung f\u00fcr den Haus- und Heimbesuch: Alle Patientendaten stets aktuell dabei mit der neuen App!<\/strong><\/p>\n<p style=\"text-align: justify; padding-left: 90px;\">\u00c4rzte, die ein iPhone\u00ae oder ein  iPad\u00ae von Apple\u00ae besitzen, k\u00f6nnen die  Daten zu Ihren Patienten k\u00fcnftig  immer in direkter Reichweite haben.  Eine neue iPhone-App erm\u00f6glicht den  unmittelbaren, hochsicheren Zugriff  auf die eigenen Praxisdaten \u2013  unabh\u00e4ngig davon, wo sich der Anwender  gerade befindet.<\/p>\n<p style=\"text-align: justify;\"><a href=\"https:\/\/www.ilmenau.org\/sites\/wp-content\/uploads\/2011\/06\/ipad.jpg\"><img loading=\"lazy\" decoding=\"async\" class=\"size-thumbnail wp-image-725 alignleft\" style=\"width: 75px; height: 75px;\" title=\"ipad\" src=\"https:\/\/www.ilmenau.org\/sites\/wp-content\/uploads\/2011\/06\/ipad-150x150.jpg\" alt=\"\" width=\"150\" height=\"150\" \/><\/a><\/p>\n<p style=\"text-align: justify; padding-left: 90px;\">Die  CGM Mobile-App nutzt die weitverbreitete und  datenschutzzertifizierte  telemed.net-Technologie, um die Patientendaten  auf das Smartphone zu  laden. Eine topaktuelle  Verschl\u00fcsselungstechnologie beim Datentransfer  und ein innovatives  Konzept zur Anmeldung eines iPhones an der  Praxis-EDV bieten h\u00f6chste  Sicherheit f\u00fcr Sie.<\/p>\n<p style=\"text-align: justify; padding-left: 90px;\">Die  Daten werden, passend f\u00fcr ein kleines Display, in Themengruppen   pr\u00e4sentiert und mit den iPhone-typischen Navigationsbewegungen wird   einfach in ihnen \u201egebl\u00e4ttert\u201c. Auf dem Smartphone werden auf den ersten   Blick alle wichtigen Patienten-Grunddaten zusammengefasst, wie etwa   Name, Adresse, Kontaktdaten, Ansprechpartner im Notfall etc. Die   Adressdaten k\u00f6nnen bei Bedarf direkt an eine iPhone-Navigationssoftware   \u00fcbergeben werden, die Ihnen dann die g\u00fcnstigste Anfahrt zum Patienten   anzeigt. Alle Telefonnummern des Patienten k\u00f6nnen direkt aus der App   heraus mit dem iPhone angerufen werden. In einem weiteren Fenster werden   Ihnen wichtige Informationen zum Patienten angezeigt, wie etwa der   Cave-Hinweis oder m\u00f6gliche Schwangerschaftsdaten, aber auch die   Notfallkontaktangaben z. B. der Verwandten des Patienten.<\/p>\n<p style=\"text-align: justify; padding-left: 90px;\">Die  Karteikarte ist \u00fcbersichtlich nach Datum gegliedert, um die  Lesbarkeit  der Eintr\u00e4ge zu verbessern. Jede Zeile der Patientenkarte  wird mit der  Zeilenart und mit den ersten vierzig Zeichen des Eintrags  angezeigt.  Durch Anklicken einer Zeile kann die Detailansicht  aufgerufen werden, in  der dann der ganze Inhalt dieser Karteizeile  dargestellt wird.<\/p>\n<p style=\"text-align: justify; padding-left: 90px;\">In  der jetzt kommenden Basisversion werden die Pateintendaten  angezeigt,  eine \u00c4nderung oder Dokumentation ist nicht m\u00f6glich. In  weiteren  Ausbaustufen werden dann auch direkte Eingaben, Diktate, eine   Bilddokumentation etc. m\u00f6glich sein. Dem TurboMed-Anwender er\u00f6ffnen  sich  so neue M\u00f6glichkeiten beim Haus- oder Heimbesuch \u2013 der Zugriff auf  die  aktuellsten Patientendaten erleichtert die Versorgung der  Patienten.<\/p>\n<p style=\"text-align: justify; padding-left: 90px;\">Die CGM Mobile App steht im Apple\u00ae App Store zum Download bereit: <strong><a href=\"http:\/\/itunes.apple.com\/de\/app\/cgm-mobile\/id426386224?mt=8\" target=\"_blank\">CGM Mobile App<\/a><\/strong><\/p>\n<p style=\"text-align: justify; padding-left: 90px;\">F\u00fcr  die  Kommunikation zwischen Praxis-EDV und CGM Moboile App wird  zudem  eine  kostenpflichtige Schnittstelle in TurboMed ben\u00f6tigt. Um  diese  Nutzen zu k\u00f6nnen, wenden  Sie sich an Ihren autorisierten   TurboMed-Partner.<\/p>\n<p style=\"text-align: justify; padding-left: 90px;\">Weitere Einblicke in die CGM Mobile App finden sie <a href=\"http:\/\/itunes.apple.com\/de\/app\/cgm-mobile\/id426386224?mt=8\">HIER<\/a><\/p>\n<p style=\"text-align: justify; padding-left: 90px;\"><strong><em>Hinweis:<\/em><\/strong><\/p>\n<p style=\"text-align: justify; padding-left: 90px;\"><em>Zur  Nutzung der Schnittstelle und der CGM Mobile App ist ein   sicherer  Online-Zugang in der Praxis, sowie ein aktives   telemed.net-Konto  Voraussetzung. Die CGM Mobile App f\u00fcr das Endger\u00e4t   (iPhone<sup>\u00ae<\/sup>, iPad<sup>\u00ae<\/sup>, iPod<sup>\u00ae<\/sup>) ist kostenfrei im Apple<sup>\u00ae<\/sup> App Store erh\u00e4ltlich. Das Endger\u00e4t muss f\u00fcr die Nutzung der Anwendung    \u00fcber eine Internetverbindung (eine Flatrate wird empfohlen) verf\u00fcgen,    f\u00fcr die weitere Kosten anfallen k\u00f6nnen. Fragen Sie hierzu bitte im    Bedarfsfall Ihren Internet- oder Mobilfunkanbieter.<\/em><\/p>\n<p style=\"padding-left: 90px;\"><em>Apple\u00ae, das Apple-Logo, iPhone\u00ae und iPad\u00ae sind eingetragene Warenzeichen\/Marken der Apple inc.<\/em><\/p>\n","protected":false},"excerpt":{"rendered":"<p>++ JETZT VERF\u00dcGBAR IM APP STORE ++ Die CGM Mobile App f\u00fcr iPhone und TurboMed\u2013Ihre mobile Praxis-EDV Die L\u00f6sung f\u00fcr den Haus- und Heimbesuch: Alle Patientendaten stets aktuell dabei mit der neuen App! \u00c4rzte, die ein iPhone\u00ae oder ein iPad\u00ae von Apple\u00ae besitzen, k\u00f6nnen die Daten zu Ihren Patienten k\u00fcnftig immer in direkter Reichweite haben. [&hellip;]<\/p>\n","protected":false},"author":1,"featured_media":0,"parent":24,"menu_order":999,"comment_status":"closed","ping_status":"open","template":"","meta":{"footnotes":""},"class_list":["post-716","page","type-page","status-publish","hentry"],"_links":{"self":[{"href":"https:\/\/www.ilmenau.org\/sites\/wp-json\/wp\/v2\/pages\/716","targetHints":{"allow":["GET"]}}],"collection":[{"href":"https:\/\/www.ilmenau.org\/sites\/wp-json\/wp\/v2\/pages"}],"about":[{"href":"https:\/\/www.ilmenau.org\/sites\/wp-json\/wp\/v2\/types\/page"}],"author":[{"embeddable":true,"href":"https:\/\/www.ilmenau.org\/sites\/wp-json\/wp\/v2\/users\/1"}],"replies":[{"embeddable":true,"href":"https:\/\/www.ilmenau.org\/sites\/wp-json\/wp\/v2\/comments?post=716"}],"version-history":[{"count":16,"href":"https:\/\/www.ilmenau.org\/sites\/wp-json\/wp\/v2\/pages\/716\/revisions"}],"predecessor-version":[{"id":723,"href":"https:\/\/www.ilmenau.org\/sites\/wp-json\/wp\/v2\/pages\/716\/revisions\/723"}],"up":[{"embeddable":true,"href":"https:\/\/www.ilmenau.org\/sites\/wp-json\/wp\/v2\/pages\/24"}],"wp:attachment":[{"href":"https:\/\/www.ilmenau.org\/sites\/wp-json\/wp\/v2\/media?parent=716"}],"curies":[{"name":"wp","href":"https:\/\/api.w.org\/{rel}","templated":true}]}}