{"id":7,"date":"2007-09-18T00:21:24","date_gmt":"2007-09-17T22:21:24","guid":{"rendered":"http:\/\/www.ilmenau.org\/wordpress\/?page_id=7"},"modified":"2012-04-05T23:47:52","modified_gmt":"2012-04-05T22:47:52","slug":"eigenschaften-der-bildschirmansichten","status":"publish","type":"page","link":"https:\/\/www.ilmenau.org\/sites\/willkommen\/turbomed-leistungsbeschreibung\/eigenschaften-der-bildschirmansichten\/","title":{"rendered":"Eigenschaften der Bildschirmansichten"},"content":{"rendered":"<ul>\n<li>individuelle Anordnung<\/li>\n<li>individuelle Darstellungsgr\u00f6\u00dfe<\/li>\n<li>benutzerorientierte Darstellung<\/li>\n<\/ul>\n<p style=\"text-align: justify;\">TurboMed hat die Verwaltung aller Bildschirmfenster beeindruckend komfortabel gestaltet. Nahezu jedes Fenster kann mit der Maus auf eine pers\u00f6nlich angenehme Gr\u00f6\u00dfe und Position gezogen werden. Das Sch\u00f6ne dabei: TurboMed merkt sich alles. Wenn Sie das Fenster das n\u00e4chste Mal aufrufen, erscheint es genau an der gleichen Stelle und in der gleichen Gr\u00f6\u00dfe.<\/p>\n<p style=\"text-align: justify;\">Das bedeutet: <strong>Einmal<\/strong> die Fenster so hinschieben, wie man Sie haben m\u00f6chte und zuk\u00fcnftig <strong>wird alles genau so<\/strong> wieder erscheinen. TurboMed ist sozusagen wie ein ordentlicher Schreibtisch: <strong>alles liegt immer an der gleichen Stelle<\/strong> &#8211; bis Sie es ggfs. anders haben wollen.<\/p>\n<p style=\"text-align: justify;\">Noch besser: viele Fensterinhalte k\u00f6nnen Sie bei TurboMed auch <strong>zoomen<\/strong>. Ein \u00dcberweisungsformular k\u00f6nnen Sie bspw. recht klein herunter zoomen, die Karteikarte hingegen gro\u00df heranzoomen. Das ist ein enormer Komfort, der wohl einzigartig unter den Praxisprogrammen ist: jeden Bildschirm k\u00f6nnen Sie dahingehend zoomen, dass Sie die ideale Kombination aus angenehmer Lesbarkeit und Bildschirmf\u00fclle gewinnen &#8211; einfach klasse!<\/p>\n<p style=\"text-align: justify;\">Jeder einzelne Benutzer unter TurboMed kann seinen eigenen Bildschirm somit einrichten und alles wird dann automatisch in seinem Benutzerprofil gespeichert. So werden die Gr\u00f6\u00dfe eines Fensters, seine Position auf dem Bildschirm und der Zoom-Faktor des Fensterinhaltes gesichert. Bei jedem Aufruf des Fensters wird dieses eben genauso wieder dargestellt. Nahezu alle Bildschirminhalte in TurboMed k\u00f6nnen auf diese Weise individuell eingestellt werden &#8211; das gilt z.B. auch f\u00fcr die elektronische Karteikarte. Das bedeutet im Klartext: die Helferinnen an der Anmeldung haben andere Vorlieben, die sie sich halt einstellen k\u00f6nnen. In Ihrem Sprechzimmer hingegen erscheint TurboMed so, wie Sie es m\u00f6gen.<\/p>\n<p style=\"text-align: center;\"><a href=\"https:\/\/www.ilmenau.org\/sites\/wp-content\/uploads\/2007\/09\/wysiwyg.jpg\"><img decoding=\"async\" class=\"aligncenter  wp-image-891\" title=\"wysiwyg\" src=\"https:\/\/www.ilmenau.org\/sites\/wp-content\/uploads\/2007\/09\/wysiwyg.jpg\" alt=\"\" width=\"520\" srcset=\"https:\/\/www.ilmenau.org\/sites\/wp-content\/uploads\/2007\/09\/wysiwyg.jpg 550w, https:\/\/www.ilmenau.org\/sites\/wp-content\/uploads\/2007\/09\/wysiwyg-300x203.jpg 300w\" sizes=\"(max-width: 550px) 100vw, 550px\" \/><\/a><\/p>\n<p style=\"text-align: justify;\">Es k\u00f6nnen beliebig viele Fenster in TurboMed ge\u00f6ffnet werden. So ist in dem folgenden Beispiel neben dem Patientenmen\u00fc die Karteikarte ge\u00f6ffnet (und zwar in sehr gro\u00dfer Schrift &#8211; sie ist also heran gezoomt worden) und auf dem Desktop positioniert worden.<br \/>\nDurch diese Darstellungsart mit zwei Fenstern k\u00f6nnen bspw. die Abrechnungsziffern aus der Karteikarte ausgeblendet (gefiltert) werden, da diese \u00fcbersichtlich in dem gesonderten Fenster rechts oben angezeigt werden.<\/p>\n<p style=\"text-align: center;\"><a href=\"https:\/\/www.ilmenau.org\/sites\/wp-content\/uploads\/2007\/09\/KarteiFenster.jpg\"><img decoding=\"async\" class=\"aligncenter  wp-image-892\" title=\"KarteiFenster\" src=\"https:\/\/www.ilmenau.org\/sites\/wp-content\/uploads\/2007\/09\/KarteiFenster.jpg\" alt=\"\" width=\"520\" srcset=\"https:\/\/www.ilmenau.org\/sites\/wp-content\/uploads\/2007\/09\/KarteiFenster.jpg 550w, https:\/\/www.ilmenau.org\/sites\/wp-content\/uploads\/2007\/09\/KarteiFenster-300x233.jpg 300w\" sizes=\"(max-width: 550px) 100vw, 550px\" \/><\/a><\/p>\n<p>Auch die Positionierung, Gr\u00f6\u00dfe und der Zoomstatus des gesamten Formularwesens ist in weiten Grenzen auf Ihre pers\u00f6nlichen Vorlieben einstellbar.<\/p>\n<p>TurboMed leistet mit diesen Funktionen einen Beitrag zu einer angenehmen Bildschirmergonomie: Allein die Einstellung der individuell bevorzugten Schriftgr\u00f6\u00dfe ist ein nicht zu untersch\u00e4tzender Vorteil.<\/p>\n","protected":false},"excerpt":{"rendered":"<p>individuelle Anordnung individuelle Darstellungsgr\u00f6\u00dfe benutzerorientierte Darstellung TurboMed hat die Verwaltung aller Bildschirmfenster beeindruckend komfortabel gestaltet. Nahezu jedes Fenster kann mit der Maus auf eine pers\u00f6nlich angenehme Gr\u00f6\u00dfe und Position gezogen werden. Das Sch\u00f6ne dabei: TurboMed merkt sich alles. Wenn Sie das Fenster das n\u00e4chste Mal aufrufen, erscheint es genau an der gleichen Stelle und in [&hellip;]<\/p>\n","protected":false},"author":1,"featured_media":0,"parent":285,"menu_order":6,"comment_status":"closed","ping_status":"closed","template":"","meta":{"footnotes":""},"class_list":["post-7","page","type-page","status-publish","hentry"],"_links":{"self":[{"href":"https:\/\/www.ilmenau.org\/sites\/wp-json\/wp\/v2\/pages\/7","targetHints":{"allow":["GET"]}}],"collection":[{"href":"https:\/\/www.ilmenau.org\/sites\/wp-json\/wp\/v2\/pages"}],"about":[{"href":"https:\/\/www.ilmenau.org\/sites\/wp-json\/wp\/v2\/types\/page"}],"author":[{"embeddable":true,"href":"https:\/\/www.ilmenau.org\/sites\/wp-json\/wp\/v2\/users\/1"}],"replies":[{"embeddable":true,"href":"https:\/\/www.ilmenau.org\/sites\/wp-json\/wp\/v2\/comments?post=7"}],"version-history":[{"count":5,"href":"https:\/\/www.ilmenau.org\/sites\/wp-json\/wp\/v2\/pages\/7\/revisions"}],"predecessor-version":[{"id":434,"href":"https:\/\/www.ilmenau.org\/sites\/wp-json\/wp\/v2\/pages\/7\/revisions\/434"}],"up":[{"embeddable":true,"href":"https:\/\/www.ilmenau.org\/sites\/wp-json\/wp\/v2\/pages\/285"}],"wp:attachment":[{"href":"https:\/\/www.ilmenau.org\/sites\/wp-json\/wp\/v2\/media?parent=7"}],"curies":[{"name":"wp","href":"https:\/\/api.w.org\/{rel}","templated":true}]}}