{"id":511,"date":"2011-01-31T02:20:56","date_gmt":"2011-01-31T00:20:56","guid":{"rendered":"http:\/\/www.ilmenau.org\/sites\/?page_id=511"},"modified":"2011-01-31T02:22:46","modified_gmt":"2011-01-31T00:22:46","slug":"ifap-arzneimitteldatenbank","status":"publish","type":"page","link":"https:\/\/www.ilmenau.org\/sites\/willkommen\/ifap-arzneimitteldatenbank\/","title":{"rendered":"IfAP-Arzneimitteldatenbank"},"content":{"rendered":"<p><img loading=\"lazy\" decoding=\"async\" id=\"ext-gen11708\" style=\"margin: 0px; border: 0pt none;\" src=\"http:\/\/www.turbomed.de\/data\/images\/Logos\/_logo-ifap-71x87.gif\" alt=\"ifap - wissen was hilft\" width=\"71\" height=\"87\" \/> Etwa jeder zweite in Deutschland niedergelassene Arzt nutzt die  Arzneimitteldatenbank der ifap, die sich durch zuverl\u00e4ssige Information,  hohe Aktualit\u00e4t und Vollst\u00e4ndigkeit auszeichnet.<\/p>\n<p>Die neue Generation einer reinen  Arzneimitteldatenbank nennt sich Arzneimittel-Informations-System und  bietet dem Anwender neben den reinen Daten zu den Pr\u00e4paraten wesentlich  mehr Informationen: das ifap praxisCENTER.<\/p>\n<p>Das ifap praxisCENTER  ist keine blo\u00dfe Datenbank mehr, sondern ein unverzichtbares  elektronisches Baukastensystem, das dem Arzt in der Praxis eine  einfache, sichere und effiziente Versorgung seiner Patienten erm\u00f6glicht.<\/p>\n<p>Integriert  in das ifap praxisCENTER sind alle relevanten wirtschaftlichen und  medizinisch-wissenschaftlichen Basisinformationen, sowie Hilfen und auch  das neue und einzigartige Arzneimittel-Sicherheits-Modul <a href=\"http:\/\/www.turbomed.de\/Weitere-Produkte\/ifap\/i:fox\" target=\"_self\"><strong>i:fox\u00ae<\/strong><\/a>.<\/p>\n<div>\n<div>\n<div>\n<h3>Weiterf\u00fchrende Informationen<\/h3>\n<\/div>\n<\/div>\n<\/div>\n<div>\n<div>\n<p><a href=\"http:\/\/www.ifap.de\/\" target=\"_blank\">ifap-Internet-Seite<\/a><\/p>\n<\/div>\n<\/div>\n<p>\ufeff<\/p>\n","protected":false},"excerpt":{"rendered":"<p>Etwa jeder zweite in Deutschland niedergelassene Arzt nutzt die Arzneimitteldatenbank der ifap, die sich durch zuverl\u00e4ssige Information, hohe Aktualit\u00e4t und Vollst\u00e4ndigkeit auszeichnet. Die neue Generation einer reinen Arzneimitteldatenbank nennt sich Arzneimittel-Informations-System und bietet dem Anwender neben den reinen Daten zu den Pr\u00e4paraten wesentlich mehr Informationen: das ifap praxisCENTER. Das ifap praxisCENTER ist keine blo\u00dfe Datenbank [&hellip;]<\/p>\n","protected":false},"author":1,"featured_media":0,"parent":24,"menu_order":805,"comment_status":"closed","ping_status":"closed","template":"","meta":{"footnotes":""},"class_list":["post-511","page","type-page","status-publish","hentry"],"_links":{"self":[{"href":"https:\/\/www.ilmenau.org\/sites\/wp-json\/wp\/v2\/pages\/511","targetHints":{"allow":["GET"]}}],"collection":[{"href":"https:\/\/www.ilmenau.org\/sites\/wp-json\/wp\/v2\/pages"}],"about":[{"href":"https:\/\/www.ilmenau.org\/sites\/wp-json\/wp\/v2\/types\/page"}],"author":[{"embeddable":true,"href":"https:\/\/www.ilmenau.org\/sites\/wp-json\/wp\/v2\/users\/1"}],"replies":[{"embeddable":true,"href":"https:\/\/www.ilmenau.org\/sites\/wp-json\/wp\/v2\/comments?post=511"}],"version-history":[{"count":4,"href":"https:\/\/www.ilmenau.org\/sites\/wp-json\/wp\/v2\/pages\/511\/revisions"}],"predecessor-version":[{"id":513,"href":"https:\/\/www.ilmenau.org\/sites\/wp-json\/wp\/v2\/pages\/511\/revisions\/513"}],"up":[{"embeddable":true,"href":"https:\/\/www.ilmenau.org\/sites\/wp-json\/wp\/v2\/pages\/24"}],"wp:attachment":[{"href":"https:\/\/www.ilmenau.org\/sites\/wp-json\/wp\/v2\/media?parent=511"}],"curies":[{"name":"wp","href":"https:\/\/api.w.org\/{rel}","templated":true}]}}