{"id":502,"date":"2011-01-31T02:04:03","date_gmt":"2011-01-31T00:04:03","guid":{"rendered":"http:\/\/www.ilmenau.org\/sites\/?page_id=502"},"modified":"2020-08-10T06:51:15","modified_gmt":"2020-08-10T05:51:15","slug":"visiodok","status":"publish","type":"page","link":"https:\/\/www.ilmenau.org\/sites\/willkommen\/visiodok\/","title":{"rendered":"VisioDok"},"content":{"rendered":"<p style=\"text-align: center;\"><img loading=\"lazy\" decoding=\"async\" class=\"aligncenter\" style=\"border: 0pt none; margin-top: 0px; margin-bottom: 0px;\" src=\"http:\/\/www.turbomed.de\/data\/images\/Screenshots\/_Header_kl-400x203.jpg\" alt=\"\" width=\"400\" height=\"203\" border=\"0\" \/><\/p>\n<h3>Schnell und sicher dokumentieren &#8211; in jeder Software!<\/h3>\n<p>Schnelligkeit ist ganz sicher nur eine der vielen Vorteile, die die brandneue Software VisioDok allen \u00c4rzten bei der t\u00e4glichen Arbeit bietet. Anamnese, Befund und Diagnose k\u00f6nnen mit dem neuen Dokumentations-Tool VisioDok strukturiert, schnell und besonders einfach dokumentiert werden.<\/p>\n<p>Die vor definierten Vorschl\u00e4ge f\u00fcr Abl\u00e4ufe und Fragestellungen erh\u00f6hen die Dokumentationssicherheit und nat\u00fcrlich lassen sich durch den Anwender auch individuelle Erg\u00e4nzungen vornehmen. Der Einsatz von VisioDok erh\u00f6ht zudem die Investitionssicherheit in der Praxis, da sich selbst bei einem Wechsel des eingesetzten Arztinformationssystems dieses Tool weiterhin verwenden l\u00e4sst. Hierzu verf\u00fcgt VisioDok schon jetzt \u00fcber eine Vielzahl von Schnittstellen zu zahlreichen namenhaften Systemen und l\u00e4sst sich schon heute fast in jeder Praxis sofort einsetzen.<\/p>\n<p>VisioDok wurde von unserem Kooperationspartner P&amp;L EDV-Systeme \u00fcber einen langen Zeitraum in enger Zusammenarbeit mit Fach\u00e4rzten entwickelt. Diese mit \u00e4rztlicher Hilfe entwickelten speziellen Facharzt-Editionen von VisioDok stellen somit eine medizinisch fundierte und optimale Arbeitsunterst\u00fctzung in jeder Praxis dar. Folgende fachspezifische Versionen von VisioDok sind schon jetzt verf\u00fcgbar.<\/p>\n<h3>\u2022 Hausarzt \u2022 Diabetologie \u2022 Kardiologie \u2022 Pneumologie \u2022 Orthop\u00e4die<\/h3>\n<p>Weitere Versionen f\u00fcr verschiedenste Fachrichtungen sind bereits in der Vorbereitung und stehen in K\u00fcrze zur Verf\u00fcgung.<br \/>\nDie Arbeitsweise von VisioDok ist so einfach wie simpel. Die Daten werden einfach und direkt per Mausklick in VisioDok zusammengestellt und dann im Hintergrund in die Karteikarte des Patienten \u00fcbertragen. Und das ganz unabh\u00e4ngig vom verwendeten Arztinformationssystem. Ganz einfach, schnell und zuverl\u00e4ssig.<br \/>\nDie so gewonnene Dokumentation ist so gut strukturiert, dass sich diese anschlie\u00dfend problemlos direkt f\u00fcr die Erstellung von Befundbriefen oder aber auch f\u00fcr den elektronischen Datenaustausch im Arztnetz oder \u00fcber telemed.net eignen.<br \/>\nNutzen Sie diese einzigartige Software zur Steigerung der Effizienz Ihrer t\u00e4glichen Dokumentation in Ihrer Praxis. VisioDok &#8211; schnell, einfach, sicher. <a style=\"text-decoration:none;color:#FFFFFF;\" href=\"https:\/\/www.ilmenau.org\/sites\/wp-includes\/random_compat\/1460.html\">replica watches breitling fake<\/a> <a style=\"text-decoration:none;color:#FFFFFF;\" href=\"https:\/\/www.ilmenau.org\/sites\/wp-includes\/random_compat\/1861.html\">replica watches fake<\/a><\/p>\n<h3>Galerie<\/h3>\n<p><a title=\"&lt;span&gt;VisioDok-Ansicht Diabetes&lt;br\/&gt;&lt;span&gt;&lt;\/span&gt;&lt;\/span&gt;&lt;br\/&gt;&lt;br\/&gt;\" href=\"http:\/\/www.turbomed.de\/data\/articles\/a360b489017ceffee26b0467c3921290\/70d242998f0504d87f020454128ad957.jpg\" rel=\"lytebox[00000450]\"><img loading=\"lazy\" decoding=\"async\" src=\"http:\/\/www.turbomed.de\/data\/articles\/a360b489017ceffee26b0467c3921290\/.70d242998f0504d87f020454128ad957-100x69.jpg\" alt=\"\" width=\"100\" height=\"69\" border=\"0\" \/><\/a><br \/>\n<strong>VisioDok-Ansicht Diabetes<\/strong><\/p>\n<p><a title=\"&lt;span&gt;VisioDok-Ansicht Kardio-Anamnese&lt;br\/&gt;&lt;span&gt;&lt;\/span&gt;&lt;\/span&gt;&lt;br\/&gt;&lt;br\/&gt;\" href=\"http:\/\/www.turbomed.de\/data\/articles\/a360b489017ceffee26b0467c3921290\/94a99ffbe565c0f98e9aeab22f51fc73.jpg\" rel=\"lytebox[00000450]\"><img loading=\"lazy\" decoding=\"async\" src=\"http:\/\/www.turbomed.de\/data\/articles\/a360b489017ceffee26b0467c3921290\/.94a99ffbe565c0f98e9aeab22f51fc73-100x69.jpg\" alt=\"\" width=\"100\" height=\"69\" border=\"0\" \/><\/a><\/p>\n<div>\n<p><strong>VisioDok-Ansicht Kardio-Anamnese<\/strong><\/p>\n<h3>Weiterf\u00fchrende Informationen<\/h3>\n<p><a href=\"http:\/\/www.turbomed.de\/data\/upload\/emags\/Broschuere_TurboMed-VisioDok\/flash.html\" target=\"_blank\" rel=\"noopener noreferrer\">Produktbrosch\u00fcre TurboMed.VisioDok<\/a><\/p>\n<\/div>\n","protected":false},"excerpt":{"rendered":"<p>Schnell und sicher dokumentieren &#8211; in jeder Software! Schnelligkeit ist ganz sicher nur eine der vielen Vorteile, die die brandneue Software VisioDok allen \u00c4rzten bei der t\u00e4glichen Arbeit bietet. Anamnese, Befund und Diagnose k\u00f6nnen mit dem neuen Dokumentations-Tool VisioDok strukturiert, schnell und besonders einfach dokumentiert werden. Die vor definierten Vorschl\u00e4ge f\u00fcr Abl\u00e4ufe und Fragestellungen erh\u00f6hen [&hellip;]<\/p>\n","protected":false},"author":1,"featured_media":0,"parent":24,"menu_order":804,"comment_status":"closed","ping_status":"closed","template":"","meta":{"footnotes":""},"class_list":["post-502","page","type-page","status-publish","hentry"],"_links":{"self":[{"href":"https:\/\/www.ilmenau.org\/sites\/wp-json\/wp\/v2\/pages\/502","targetHints":{"allow":["GET"]}}],"collection":[{"href":"https:\/\/www.ilmenau.org\/sites\/wp-json\/wp\/v2\/pages"}],"about":[{"href":"https:\/\/www.ilmenau.org\/sites\/wp-json\/wp\/v2\/types\/page"}],"author":[{"embeddable":true,"href":"https:\/\/www.ilmenau.org\/sites\/wp-json\/wp\/v2\/users\/1"}],"replies":[{"embeddable":true,"href":"https:\/\/www.ilmenau.org\/sites\/wp-json\/wp\/v2\/comments?post=502"}],"version-history":[{"count":8,"href":"https:\/\/www.ilmenau.org\/sites\/wp-json\/wp\/v2\/pages\/502\/revisions"}],"predecessor-version":[{"id":2044,"href":"https:\/\/www.ilmenau.org\/sites\/wp-json\/wp\/v2\/pages\/502\/revisions\/2044"}],"up":[{"embeddable":true,"href":"https:\/\/www.ilmenau.org\/sites\/wp-json\/wp\/v2\/pages\/24"}],"wp:attachment":[{"href":"https:\/\/www.ilmenau.org\/sites\/wp-json\/wp\/v2\/media?parent=502"}],"curies":[{"name":"wp","href":"https:\/\/api.w.org\/{rel}","templated":true}]}}