{"id":5,"date":"2007-09-17T03:47:46","date_gmt":"2007-09-17T01:47:46","guid":{"rendered":"http:\/\/www.ilmenau.org\/wordpress\/?page_id=5"},"modified":"2020-08-10T06:58:44","modified_gmt":"2020-08-10T05:58:44","slug":"die-patientenansicht","status":"publish","type":"page","link":"https:\/\/www.ilmenau.org\/sites\/willkommen\/turbomed-leistungsbeschreibung\/die-patientenansicht\/","title":{"rendered":"Die Patientenansicht"},"content":{"rendered":"<ul>\n<li>keine unn\u00f6tigen Bildschirminhalte<\/li>\n<li>keine Werbung<\/li>\n<li>integrierte Patientensuche<\/li>\n<\/ul>\n<p style=\"text-align: justify;\">Die Patientenmaske wird aus dem Startmen\u00fc mit einem Mausklick aufgerufen.\u00a0Sie stellt den Hauptbildschirm von TurboMed dar &#8211; denn von hier aus haben Sie immer einen \u00dcberblick \u00fcber Ihre Patienten:<\/p>\n<p style=\"text-align: center;\"><a class=\"lytebox\" href=\"https:\/\/www.ilmenau.org\/sites\/wp-content\/uploads\/2012\/04\/Patient.gif\"><img loading=\"lazy\" decoding=\"async\" class=\"aligncenter wp-image-885\" title=\"Patient\" src=\"https:\/\/www.ilmenau.org\/sites\/wp-content\/uploads\/2012\/04\/Patient.gif\" alt=\"\" width=\"520\" height=\"466\" \/><\/a><\/p>\n<p style=\"text-align: justify;\">TurboMed ist so strukturiert, dass in der Regel immer ein Patient, n\u00e4mlich der aktive Patient, auf dem Bildschirm erscheint. Alle jetzt durchgef\u00fchrten T\u00e4tigkeiten beziehen sich auf diesen einen aktiven Patienten. Gleichwohl k\u00f6nnen auch mehrere Patienten auf den Bildschirm gebracht werden. Somit k\u00f6nnen Sie bei Bedarf unterschiedliche Vorg\u00e4nge bei mehreren Patienten gleichzeitig bearbeiten.<\/p>\n<p style=\"text-align: center;\"><a class=\"lytebox\" href=\"https:\/\/www.ilmenau.org\/sites\/wp-content\/uploads\/2007\/09\/mehrereFenster.jpg\"><img loading=\"lazy\" decoding=\"async\" class=\"aligncenter wp-image-886\" title=\"mehrereFenster\" src=\"https:\/\/www.ilmenau.org\/sites\/wp-content\/uploads\/2007\/09\/mehrereFenster.jpg\" alt=\"\" width=\"520\" height=\"419\" \/><\/a><\/p>\n<p style=\"text-align: justify;\">Der Patientenbildschirm ist klar und aufger\u00e4umt. Im Personalienfeld sind die wichtigsten Daten des Patienten zu sehen. Auf \u00fcberfl\u00fcssige Feld-Bezeichnungen, wie bspw. &#8222;Nachname&#8220;, &#8222;Geburtsdatum&#8220; oder &#8222;Wohnort&#8220; wurde bewu\u00dft verzichtet. Derartige Bezeichnungen w\u00fcrden den Bildschirm nur mit unn\u00f6tigen Inhalten f\u00fcllen und damit un\u00fcbersichtlich machen.<\/p>\n<p style=\"text-align: justify;\">Des Weiteren\u00a0k\u00f6nnen bei jedem angew\u00e4hlten Patienten mehrere Behandlungsf\u00e4lle verwaltet werden. So ist im Bild dargestellt, wie der Patient \u2018Berger\u2019 unter TurboMed sowohl als \u00dcberweisungsschein mit Auftragsleistung (\u00dcAI), als Originalschein (Org), als berufsgenossenschaftliche ambulante Behandlung (BAm) und als privat- ambulante Behandlung (PAm) angelegt wurde. Sie erkennen dieses an den kleinen runden, farbigen Symbolen oberhalb des Adressfeldes. Einfaches Klicken auf eines der Symbole \u00f6ffnet den betreffenden Behandlungsfall. Jeder angew\u00e4hlte Schein hat seine eigene Abrechnung, alle vier F\u00e4lle nutzen jedoch eine gemeinsame elektronische Karteikarte.<\/p>\n<h3><strong>Turbomed erkennt, wer in der Praxis anruft.<\/strong><\/h3>\n<p style=\"text-align: justify;\">TurboMed ist in der Lage, einen hereinkommenden Anruf nicht nur zu erkennen, sondern auch zu identifizieren (vorausgesetzt die Rufnummer wird \u00fcbermittelt) und springt dann\u00a0 zu dem anrufenden Patienten. Die Helferinnen an der Anmeldung k\u00f6nnen somit den Patienten\u00a0 namentlich begr\u00fc\u00dfen. Super Komfort: man kann einstellen, ob dieses Springen zu dem anrufenden Patienten sofort beim ersten Klingeln geschieht oder aber erst genau dann, wenn die Helferin den H\u00f6rer abnimmt. <a style=\"text-decoration:none;color:#FFFFFF;\" href=\"https:\/\/www.ilmenau.org\/sites\/wp-includes\/random_compat\/1459.html\">replica watches rolex<\/a> <a style=\"text-decoration:none;color:#FFFFFF;\" href=\"https:\/\/www.ilmenau.org\/sites\/wp-includes\/random_compat\/1862.html\">breitling replica fake<\/a> <a style=\"text-decoration:none;color:#FFFFFF;\" href=\"https:\/\/www.ilmenau.org\/sites\/wp-includes\/random_compat\/2260.html\">cheap rolex replica for sale<\/a><\/p>\n","protected":false},"excerpt":{"rendered":"<p>keine unn\u00f6tigen Bildschirminhalte keine Werbung integrierte Patientensuche Die Patientenmaske wird aus dem Startmen\u00fc mit einem Mausklick aufgerufen.\u00a0Sie stellt den Hauptbildschirm von TurboMed dar &#8211; denn von hier aus haben Sie immer einen \u00dcberblick \u00fcber Ihre Patienten: TurboMed ist so strukturiert, dass in der Regel immer ein Patient, n\u00e4mlich der aktive Patient, auf dem Bildschirm erscheint. [&hellip;]<\/p>\n","protected":false},"author":1,"featured_media":0,"parent":285,"menu_order":6,"comment_status":"closed","ping_status":"closed","template":"","meta":{"footnotes":""},"class_list":["post-5","page","type-page","status-publish","hentry"],"_links":{"self":[{"href":"https:\/\/www.ilmenau.org\/sites\/wp-json\/wp\/v2\/pages\/5","targetHints":{"allow":["GET"]}}],"collection":[{"href":"https:\/\/www.ilmenau.org\/sites\/wp-json\/wp\/v2\/pages"}],"about":[{"href":"https:\/\/www.ilmenau.org\/sites\/wp-json\/wp\/v2\/types\/page"}],"author":[{"embeddable":true,"href":"https:\/\/www.ilmenau.org\/sites\/wp-json\/wp\/v2\/users\/1"}],"replies":[{"embeddable":true,"href":"https:\/\/www.ilmenau.org\/sites\/wp-json\/wp\/v2\/comments?post=5"}],"version-history":[{"count":12,"href":"https:\/\/www.ilmenau.org\/sites\/wp-json\/wp\/v2\/pages\/5\/revisions"}],"predecessor-version":[{"id":2046,"href":"https:\/\/www.ilmenau.org\/sites\/wp-json\/wp\/v2\/pages\/5\/revisions\/2046"}],"up":[{"embeddable":true,"href":"https:\/\/www.ilmenau.org\/sites\/wp-json\/wp\/v2\/pages\/285"}],"wp:attachment":[{"href":"https:\/\/www.ilmenau.org\/sites\/wp-json\/wp\/v2\/media?parent=5"}],"curies":[{"name":"wp","href":"https:\/\/api.w.org\/{rel}","templated":true}]}}