{"id":487,"date":"2011-01-31T01:47:42","date_gmt":"2011-01-30T23:47:42","guid":{"rendered":"http:\/\/www.ilmenau.org\/sites\/?page_id=487"},"modified":"2012-10-12T02:25:41","modified_gmt":"2012-10-12T01:25:41","slug":"turbomed-online","status":"publish","type":"page","link":"https:\/\/www.ilmenau.org\/sites\/willkommen\/turbomed-online\/","title":{"rendered":"TurboMed.Online"},"content":{"rendered":"<h2>TurboMed.Online &#8211; Sicher und g\u00fcnstig ins Netz<\/h2>\n<p>Karteik\u00e4sten und Patientenakten in bunten Heftern geh\u00f6ren bald endg\u00fcltig der Vergangenheit an \u2013 \u00e4rztliche Verwaltung und Kommunikation verlagert sich zunehmend in die EDV und damit auch ins Internet.<\/p>\n<p>Dennoch: F\u00fcr viele \u00c4rzte und MVZ-Betreiber ist das \u201eWWW\u201c immer noch ein Schreckgespenst. Selbst wenn bereits privat schon per Email kommuniziert\u00a0 oder auch im Internet \u201egesurft\u201c wird, so scheuen viele aus Angst vor Patientendatendiebstahl immer noch davor zur\u00fcck, auch die Praxis ins Netz zu bringen. Medienberichte \u00fcber Datenverlust, selbst bei gro\u00dfen und modernen Konzernen, tragen dazu bei, diese Angst noch zu verst\u00e4rken.<\/p>\n<h3>Viele Vorteile durch einen sicheren Online-Zugang<\/h3>\n<p style=\"text-align: justify;\">Dabei bietet das Internet gerade f\u00fcr die t\u00e4gliche Arbeit eines Arztes eine Unmenge von unschlagbaren Vorteilen: \u00c4rztliche Kooperation, Datenabgleich, Vertragsmanagement, Zweitmeinungen, Fortbildung, Praxismanagement und -marketing \u2013 all dies wird mit einem Onlinezugang einfacher, schneller und wirtschaftlicher.<br \/>\n\u00dcber KV-SafeNet werden jetzt sogar schon \u00e4rztliche Abrechnungen an KVen online \u00fcbertragen, um diese bisher akten- und formularlastigen Vorg\u00e4nge zu automatisieren. Der Fortschritt in Richtung einer vollst\u00e4ndig digitalisierten Kommunikation ist nicht zu stoppen und wird auch vor alteingesessenen Arztpraxen nicht Halt machen. Sp\u00e4testens, wenn die elektronische Gesundheitskarte eGK bundesweit Einzug in die Praxen h\u00e4lt, wird kein Weg mehr um einen Onlinezugang herum f\u00fchren.<\/p>\n<p>Wie k\u00f6nnen \u00c4rzte an dieser Entwicklung teilhaben?<\/p>\n<p>Wie k\u00f6nnen sie vom Segen des World Wide Web profitieren, ohne ihre Daten\u00adsicherheit oder die ihrer Patienten zu gef\u00e4hrden?<\/p>\n<h3>Das \u00e4rztliche Ticket ins Netz<\/h3>\n<p style=\"text-align: justify;\">TurboMed hat mit seinem Partner telemed die Antworten auf solche Fragen: TurboMed.Online. Dieses Intranet unseres Partners telemed erm\u00f6glicht den TurboMed-Nutzer den sicheren Zugang zu Online-Services und Websites. Unerw\u00fcnschte Zugriffe von au\u00dfen haben keine Chance bei den Praxisrechnern. Ebenso m\u00fcssen Viren und W\u00fcrmer drau\u00dfen bleiben. Unkontrollierte Zugriffe aus dem Internet sind im Intranet technisch nahezu ausgeschlossen und Angreifer haben so keine Chance.<\/p>\n<p style=\"text-align: justify;\">Der TurboMed-Partner f\u00fcr Telematikdienste, die telemed Online Service f\u00fcr Heilberufe GmbH, ist technisch immer auf dem neuesten Stand, ist KV-SafeNet-zertifiziert und garantiert so h\u00f6chste Sicherheit beim<br \/>\nmedizinischen Datenaustausch. Durch diese Kooperation kann der Arzt in seinem Arbeitsalltag nun endlich vom Internet profitieren, so wie es andere Berufsgruppen schon l\u00e4ngst erfolgreich tun.<\/p>\n<h3>Mit telemed.net den Patienten einfach online \u00fcberweisen<\/h3>\n<p style=\"text-align: justify;\">Ein weiterer Baustein zum sicheren und erfolgreichen Weg ins Internet ist telemed.net, das man sich wie ein in TurboMed integriertes internes Messaging-Programm vorstellen muss.<\/p>\n<p style=\"text-align: justify;\">Ein Beispiel: Ein Hausarzt \u00fcberweist einen Patienten aufgrund akuter und schmerzhafter R\u00fcckenbeschwerden an seinen orthop\u00e4dischen Kollegen. Mit telemed.net \u00fcbertr\u00e4gt er alle wichtigen Informationen und Daten zum weiterbehandelnden Arzt. Noch bevor der Patient in dessen Praxis angekommen ist, hat der Orthop\u00e4de nicht nur alle pers\u00f6nlichen Daten, sondern auch R\u00f6ntgenbilder, Diagnosen und Vorerkrankungen in seiner EDV. Damit kann er dem Patienten und ohne Doppeluntersuchungen sofort helfen. \u00c4rztliche Kooperation wird so einfacher, komfortabler und sch\u00f6pft sogar vorhandene Sparpotentiale im Gesundheitswesen aus.<\/p>\n<p style=\"text-align: justify;\">Aber da h\u00f6ren die Vorteile noch lange nicht auf: Durch die steigende Anzahl von Selektivvertr\u00e4gen, DMP- und IV-Programmen ist ein schneller Informationsfluss unabdingbar. Unmengen zus\u00e4tzlicher Datens\u00e4tze werden h\u00e4ufigere Updates der Praxissoftware n\u00f6tig machen \u2013 TurboMed-Updates k\u00f6nnen k\u00fcnftig dank TurboMed.Online schnell und unkompliziert per Download vorgenommen werden. Teilnehmende Praxen bleiben so immer auf dem aktuellsten Stand.<br \/>\nDem Arzt er\u00f6ffnen sich so vielf\u00e4ltige M\u00f6glichkeiten um bspw. in Sachen Fortbildung und Information die richtigen Internetseiten zu finden. Um eine Frage zu beantworten wie z. B.: \u201eWas hat meine KV oder Kammer an Neuerungen erlassen?\u201c reichen in Zukunft ein paar Klicks in auf deren Homepage oder Intranet.<\/p>\n<h3>Online ins \u00c4rztenetz<\/h3>\n<p style=\"text-align: justify;\">Ein \u00c4rztenetz kann seine ganzen Vorteile am besten bei einer engen Zusammenarbeit aller Mitglieder entfalten. In Sachen Kommunikation, Datenaustausch oder auch zentraler Patientenakte geht daher kein Weg an einem Online-Zugang vorbei. In all diesen F\u00e4llen bietet TurboMed.Online zusammen mit TurboMed.net die Basis f\u00fcr eine optimale L\u00f6sung.<br \/>\n<strong>Die Zukunft f\u00fchrt ins Netz \u2013 TurboMed bringt \u00c4rzte hin!<\/strong><\/p>\n<h3>TurboMed.Online \u2013 Die Basis f\u00fcr die Teilnahme am KV-SafeNet<\/h3>\n<p style=\"text-align: justify;\">Das KV-SafeNet ist eine IT-Struktur, die es den \u00c4rzten erm\u00f6glicht, \u00fcber ein privates virtuelles Netz (VPN) Dienste Ihrer KV zu nutzen. Zum Beispiel bei der Online-Abrechnung: Anstatt wie bisher die Daten auf Disketten verschl\u00fcsselt zu speichern und dann an Ihre KV zu schicken, kann dies nun bequem online erledigt werden. Zus\u00e4tzlich besteht die M\u00f6glichkeit, vorher eine Testabrechnung zu erstellen, die den Anwender auf Fehler oder Probleme aufmerksam macht. Der Anwender kann sofort reagieren und die Fehler beheben, ohne auf eine dies bezogene Mitteilung der KV zu warten.<\/p>\n<p style=\"text-align: justify;\">Da die Online-Abrechnung ab dem Jahr 2011 f\u00fcr alle Vertrags\u00e4rzte und -psychotherapeuten verpflichtend sein wird, kann man sich mit dem Online-Zugang TurboMed.Online und der Option KV-SafeNet schon jetzt auf diese Umstellung einrichten.<\/p>\n<p style=\"text-align: justify;\">Die KVen Bayern, Nordrhein und Westfalen-Lippe arbeiten bereits seit 2005 mit KV-SafeNet und haben sehr gute Erfahrungen gemacht. Jetzt wird das System auch von den KVen in Berlin, Brandenburg, Bremen, Hamburg, Hessen, Rheinland-Pfalz, Mecklenburg-Vorpommern, Sachsen-Anhalt, Schleswig-Holstein, Th\u00fcringen und im Saarland \u00fcbernommen.<\/p>\n<p>Den Teilnahmeantrag f\u00fcr TurboMed.Online k\u00f6nnen Sie sich hier herunterladen:<\/p>\n<div>\n<div>\n<div>\n<h3>Weiterf\u00fchrende Informationen<\/h3>\n<\/div>\n<\/div>\n<\/div>\n<div>\n<div>\n<p><a href=\"http:\/\/www.turbomed.de\/data\/upload\/emags\/Broschuere_TURBOMED_ONLINE\/index.html\" target=\"_blank\">Produktbrosch\u00fcre TurboMed.Online<\/a><\/p>\n<\/div>\n<\/div>\n","protected":false},"excerpt":{"rendered":"<p>TurboMed.Online &#8211; Sicher und g\u00fcnstig ins Netz Karteik\u00e4sten und Patientenakten in bunten Heftern geh\u00f6ren bald endg\u00fcltig der Vergangenheit an \u2013 \u00e4rztliche Verwaltung und Kommunikation verlagert sich zunehmend in die EDV und damit auch ins Internet. Dennoch: F\u00fcr viele \u00c4rzte und MVZ-Betreiber ist das \u201eWWW\u201c immer noch ein Schreckgespenst. Selbst wenn bereits privat schon per Email [&hellip;]<\/p>\n","protected":false},"author":1,"featured_media":0,"parent":24,"menu_order":803,"comment_status":"closed","ping_status":"closed","template":"","meta":{"footnotes":""},"class_list":["post-487","page","type-page","status-publish","hentry"],"_links":{"self":[{"href":"https:\/\/www.ilmenau.org\/sites\/wp-json\/wp\/v2\/pages\/487","targetHints":{"allow":["GET"]}}],"collection":[{"href":"https:\/\/www.ilmenau.org\/sites\/wp-json\/wp\/v2\/pages"}],"about":[{"href":"https:\/\/www.ilmenau.org\/sites\/wp-json\/wp\/v2\/types\/page"}],"author":[{"embeddable":true,"href":"https:\/\/www.ilmenau.org\/sites\/wp-json\/wp\/v2\/users\/1"}],"replies":[{"embeddable":true,"href":"https:\/\/www.ilmenau.org\/sites\/wp-json\/wp\/v2\/comments?post=487"}],"version-history":[{"count":7,"href":"https:\/\/www.ilmenau.org\/sites\/wp-json\/wp\/v2\/pages\/487\/revisions"}],"predecessor-version":[{"id":489,"href":"https:\/\/www.ilmenau.org\/sites\/wp-json\/wp\/v2\/pages\/487\/revisions\/489"}],"up":[{"embeddable":true,"href":"https:\/\/www.ilmenau.org\/sites\/wp-json\/wp\/v2\/pages\/24"}],"wp:attachment":[{"href":"https:\/\/www.ilmenau.org\/sites\/wp-json\/wp\/v2\/media?parent=487"}],"curies":[{"name":"wp","href":"https:\/\/api.w.org\/{rel}","templated":true}]}}