{"id":483,"date":"2011-01-31T01:42:09","date_gmt":"2011-01-30T23:42:09","guid":{"rendered":"http:\/\/www.ilmenau.org\/sites\/?page_id=483"},"modified":"2012-04-06T00:23:24","modified_gmt":"2012-04-05T23:23:24","slug":"turbomed-impfdoc","status":"publish","type":"page","link":"https:\/\/www.ilmenau.org\/sites\/willkommen\/turbomed-impfdoc\/","title":{"rendered":"TurboMed.ImpfDoc"},"content":{"rendered":"<h2>TurboMed.ImpfDoc<\/h2>\n<h3>Der elektronische Impfplaner in TurboMed<\/h3>\n<p>Impfvorg\u00e4nge  k\u00f6nnen recht komplex sein: Neben der Ber\u00fccksichtigung von Alter und  Impfindikationen, soll der Arzt 100 marktg\u00e4ngige Einzel- und  Kombinationsimpfstoffe, mehr als 500 verschiedene Packungsgr\u00f6\u00dfen, \u00fcber  30 Impfschemata, die Inhalte der Fachinformationen und daneben noch die  j\u00e4hrlichen \u00c4nderungen der STIKO-Empfehlungen kennen. Hier bietet der  Impfplaner eine echte Unterst\u00fctzung.<\/p>\n<p>Besonders interessant sind  die Vorschl\u00e4ge zur Erhebung des Impfstatus eines Patienten, sobald die  elektronische Kartei ge\u00f6ffnet wird. Eine besondere Funktion stellt die  Einbeziehung von sogenannten Gef\u00e4hrdungsgr\u00f6\u00dfen dar. Dabei kann es sich  um \u201eimpfrelevante Diagnosen\u201c handeln, die Impfdoc automatisch aus den  gebuchten ICD-10-Codes ausliest. Als Konsequenz werden die  entsprechenden, von der STIKO empfohlenen Impfungen, ber\u00fccksichtigt oder  auf m\u00f6gliche Kontraindikationen hingewiesen.<\/p>\n<p>Impfdoc  unterst\u00fctzt alle Indikationen und verf\u00fcgt auch \u00fcber eine aktuelle  reisemedizinische Datenbank, in der s\u00e4mtliche L\u00e4nderinformationen  hinterlegt sind.<\/p>\n<p>Neben einem umfangreichen  Informationssystem mit Patientenmerkbl\u00e4ttern und Formularen, die mit dem  eigenen Briefkopf ausgedruckt werden k\u00f6nnen, verwaltet Impfdoc dar\u00fcber  hinaus eine komplexe Lagerhaltung.<\/p>\n<p>Impfdoc ist bereits heute f\u00fcr  den elektronischen Impfpasses auf der geplanten Gesundheitskarte (eGK)  vorbereitet. Durch die volle Integration werden die Beratungsergebnisse  zur Dokumentation im Krankenblatt gespeichert und KV-spezifische  Abrechnungsziffern sowie anfallende Sachkosten bei Privatabrechnungen  vorgeschlagen.<\/p>\n<h3>Was kann TurboMed.ImpfDoc?<\/h3>\n<ul>\n<li>Automatisierte Impfplanerstellung<\/li>\n<li>Aktuelle L\u00e4nderinformationen bei Reiseimpfungen<\/li>\n<li>Ber\u00fccksichtigung von Vorimpfungen<\/li>\n<li>Ber\u00fccksichtigung von Gef\u00e4hrdungsgr\u00f6\u00dfen (Vorerkrankungen, Dauerdiagnosen etc.)<\/li>\n<li>Integriertes Warnsystem<\/li>\n<li>Aktuelle Impfstoffdatenbank<\/li>\n<li>Verwaltung des Impfstoffdepots (Kasse, Privat)<\/li>\n<li>Impfdiagnosen und Ziffernketten<\/li>\n<li>Impfterminplaner, Recallsystem, Statistik Patienten-Informationssystem und Aufkl\u00e4rung<\/li>\n<li>Schnittstelle zu TurboMed mit Anbindung an die Karteikarte<\/li>\n<\/ul>\n<h3>Weiterf\u00fchrende Informationen<\/h3>\n<p><a href=\"http:\/\/www.turbomed.de\/data\/upload\/emags\/Broschuere_TurboMed-ImpfDoc\/flash.html\" target=\"_blank\">Produktbrosch\u00fcre TurboMed.ImpfDoc<\/a><\/p>\n","protected":false},"excerpt":{"rendered":"<p>TurboMed.ImpfDoc Der elektronische Impfplaner in TurboMed Impfvorg\u00e4nge k\u00f6nnen recht komplex sein: Neben der Ber\u00fccksichtigung von Alter und Impfindikationen, soll der Arzt 100 marktg\u00e4ngige Einzel- und Kombinationsimpfstoffe, mehr als 500 verschiedene Packungsgr\u00f6\u00dfen, \u00fcber 30 Impfschemata, die Inhalte der Fachinformationen und daneben noch die j\u00e4hrlichen \u00c4nderungen der STIKO-Empfehlungen kennen. Hier bietet der Impfplaner eine echte Unterst\u00fctzung. Besonders [&hellip;]<\/p>\n","protected":false},"author":1,"featured_media":0,"parent":24,"menu_order":802,"comment_status":"closed","ping_status":"closed","template":"","meta":{"footnotes":""},"class_list":["post-483","page","type-page","status-publish","hentry"],"_links":{"self":[{"href":"https:\/\/www.ilmenau.org\/sites\/wp-json\/wp\/v2\/pages\/483","targetHints":{"allow":["GET"]}}],"collection":[{"href":"https:\/\/www.ilmenau.org\/sites\/wp-json\/wp\/v2\/pages"}],"about":[{"href":"https:\/\/www.ilmenau.org\/sites\/wp-json\/wp\/v2\/types\/page"}],"author":[{"embeddable":true,"href":"https:\/\/www.ilmenau.org\/sites\/wp-json\/wp\/v2\/users\/1"}],"replies":[{"embeddable":true,"href":"https:\/\/www.ilmenau.org\/sites\/wp-json\/wp\/v2\/comments?post=483"}],"version-history":[{"count":6,"href":"https:\/\/www.ilmenau.org\/sites\/wp-json\/wp\/v2\/pages\/483\/revisions"}],"predecessor-version":[{"id":485,"href":"https:\/\/www.ilmenau.org\/sites\/wp-json\/wp\/v2\/pages\/483\/revisions\/485"}],"up":[{"embeddable":true,"href":"https:\/\/www.ilmenau.org\/sites\/wp-json\/wp\/v2\/pages\/24"}],"wp:attachment":[{"href":"https:\/\/www.ilmenau.org\/sites\/wp-json\/wp\/v2\/media?parent=483"}],"curies":[{"name":"wp","href":"https:\/\/api.w.org\/{rel}","templated":true}]}}