{"id":40,"date":"2008-05-05T09:59:23","date_gmt":"2008-05-05T07:59:23","guid":{"rendered":"http:\/\/www.ilmenau.org\/sites\/?page_id=40"},"modified":"2025-01-21T00:19:51","modified_gmt":"2025-01-20T23:19:51","slug":"servicedownloads","status":"publish","type":"page","link":"https:\/\/www.ilmenau.org\/sites\/willkommen\/servicedownloads\/","title":{"rendered":"Servicedownloads"},"content":{"rendered":"<h2>Fernwartungstool zum Download<\/h2>\n<p><a href=\"https:\/\/get.teamviewer.com\/xzyuw4u\"><img loading=\"lazy\" decoding=\"async\" class=\"alignleft wp-image-1586 size-thumbnail\" src=\"https:\/\/www.ilmenau.org\/sites\/wp-content\/uploads\/2008\/05\/logo-teamviewer-logo-900x198-150x33.png\" alt=\"\" width=\"150\" height=\"33\" srcset=\"https:\/\/www.ilmenau.org\/sites\/wp-content\/uploads\/2008\/05\/logo-teamviewer-logo-900x198-150x33.png 150w, https:\/\/www.ilmenau.org\/sites\/wp-content\/uploads\/2008\/05\/logo-teamviewer-logo-900x198-520x114.png 520w, https:\/\/www.ilmenau.org\/sites\/wp-content\/uploads\/2008\/05\/logo-teamviewer-logo-900x198-768x169.png 768w, https:\/\/www.ilmenau.org\/sites\/wp-content\/uploads\/2008\/05\/logo-teamviewer-logo-900x198.png 900w\" sizes=\"auto, (max-width: 150px) 100vw, 150px\" \/><\/a><\/p>\n<p>&nbsp;<\/p>\n<h2>CGM-TurboMed-Dokumentationen<\/h2>\n<p><a href=\"https:\/\/service.turbomed.de\/dokumentation\" target=\"_blank\" rel=\"noopener\">Update-Dokumentation &#8222;Das ist neu&#8220;<\/a><\/p>\n<p>&nbsp;<\/p>\n<h2>Weiterf\u00fchrende Informationen<\/h2>\n<p class=\"download\"><a href=\"http:\/\/www.turbomed.de\/data\/upload\/emags\/TURBOMED-Kurzkurs_2013kl.pdf\" target=\"_blank\" rel=\"noopener\">TURBOMED Kurzkurs<\/a><\/p>\n<ul>\n<li id=\"entry-00000133\" class=\"entry entry-open\"><a><em>CGM CONNECT<\/em><br \/>\nWas ist denn das?<\/a><\/p>\n<div id=\"ext-gen7\" class=\"entry\">\n<p>CGM CONNECT ist unsere neue Kommunikationsplattform. Wenn es um die hochsichere verschl\u00fcsselte Kommunikation von Informationen von Partnern im Gesundheitswesen geht, wird CGM CONNECT als L\u00f6sung zum Einsatz kommen.<\/p>\n<p>&nbsp;<\/p>\n<p>Die jetzige L\u00f6sung telemed.net wird Schritt f\u00fcr Schritt durch CGM CONNECT abgel\u00f6st. Mit diesem Quartal wird als erster Service der telemed.net Chat abgel\u00f6st und durch eine modernere und funktional erweiterte Oberfl\u00e4che, dem CGM CONNECT Communicator abgel\u00f6st.<\/p>\n<\/div>\n<\/li>\n<li id=\"entry-00000134\" class=\"entry entry-open\"><a><em>CGM CONNECT<\/em><br \/>\nIst telemed.net nicht mehr sicher?<\/a><\/p>\n<div id=\"ext-gen9\" class=\"entry\">\n<p>Doch, telemed.net ist weiterhin eine sichere Plattform, die aber auf die stetig wachsenden Bedingungen und neuen Anforderungen nicht mehr flexibel genug angepasst werden kann.<\/p>\n<p>&nbsp;<\/p>\n<p>Aus diesem Grund wurde CGM CONNECT komplett neu entwickelt und l\u00f6st Schritt f\u00fcr Schritt telemed.net als Kommunikationsplattform ab.<\/p>\n<\/div>\n<\/li>\n<li id=\"entry-00000135\" class=\"entry entry-open\"><a><em>CGM CONNECT<\/em><br \/>\nMuss ich etwas aktualisieren \/ tun?<\/a><\/p>\n<div id=\"ext-gen11\" class=\"entry\">\n<p>CGM CONNECT wird mit dem Quartalsupdate 2\/2015 ausgeliefert.<\/p>\n<p>&nbsp;<\/p>\n<p>Es muss keine separate Installation vorgenommen werden. Bestehende telemed.net-Konten werden automatisch migriert \/ \u00fcbernommen.<\/p>\n<p>&nbsp;<\/p>\n<p>Anwender m\u00fcssen lediglich den AGB und der Einwilligungserkl\u00e4rung zustimmen.<\/p>\n<\/div>\n<\/li>\n<li id=\"entry-00000136\" class=\"entry entry-open\"><a><em>CGM CONNECT<\/em><br \/>\nWarum muss ich die AGB und eine Einwilligungserkl\u00e4rung best\u00e4tigen?<\/a><\/p>\n<div id=\"ext-gen13\" class=\"entry\">\n<p>CGM CONNECT ist ein neues Produkt, bei dem entsprechend angepasste\u00a0 Vertragsbedingungen gelten.<\/p>\n<p>Allgemeine Gesch\u00e4ftsbedingungen sind vorformulierte Vertragsbedingungen zur einheitlichen und vereinfachten Abwicklung, die eine Vertragspartei der anderen Vertragspartei bei Abschluss eines \u201cVertrages\u201c stellt. AGB gelten innerhalb eines Nutzungsverh\u00e4ltnisses aber nur, wenn Sie wirksam in den Vertrag einbezogen worden sind. Dies erfolgt in aller Regel rechtswirksam, indem der Nutzer bei der Anmeldung den AGB durch Ankreuzen eines entsprechenden Feldes zustimmt.<\/p>\n<p>Bei der Einwilligung handelt es sich um eine rechtsgesch\u00e4ftliche datenschutzrelevante Erkl\u00e4rung. Diese Einwilligung muss der Verarbeitung \/ Kommunikation vorausgehen und schriftlich erkl\u00e4rt werden. Sie muss gesondert \u2013 nicht in die AGB eingebettet \u2013 aufgezeigt und best\u00e4tigt werden.<\/p>\n<\/div>\n<\/li>\n<\/ul>\n","protected":false},"excerpt":{"rendered":"<p>Fernwartungstool zum Download &nbsp; CGM-TurboMed-Dokumentationen Update-Dokumentation &#8222;Das ist neu&#8220; &nbsp; Weiterf\u00fchrende Informationen TURBOMED Kurzkurs CGM CONNECT Was ist denn das? CGM CONNECT ist unsere neue Kommunikationsplattform. Wenn es um die hochsichere verschl\u00fcsselte Kommunikation von Informationen von Partnern im Gesundheitswesen geht, wird CGM CONNECT als L\u00f6sung zum Einsatz kommen. &nbsp; Die jetzige L\u00f6sung telemed.net wird Schritt [&hellip;]<\/p>\n","protected":false},"author":1,"featured_media":0,"parent":24,"menu_order":1101,"comment_status":"closed","ping_status":"closed","template":"","meta":{"footnotes":""},"class_list":["post-40","page","type-page","status-publish","hentry"],"_links":{"self":[{"href":"https:\/\/www.ilmenau.org\/sites\/wp-json\/wp\/v2\/pages\/40","targetHints":{"allow":["GET"]}}],"collection":[{"href":"https:\/\/www.ilmenau.org\/sites\/wp-json\/wp\/v2\/pages"}],"about":[{"href":"https:\/\/www.ilmenau.org\/sites\/wp-json\/wp\/v2\/types\/page"}],"author":[{"embeddable":true,"href":"https:\/\/www.ilmenau.org\/sites\/wp-json\/wp\/v2\/users\/1"}],"replies":[{"embeddable":true,"href":"https:\/\/www.ilmenau.org\/sites\/wp-json\/wp\/v2\/comments?post=40"}],"version-history":[{"count":53,"href":"https:\/\/www.ilmenau.org\/sites\/wp-json\/wp\/v2\/pages\/40\/revisions"}],"predecessor-version":[{"id":2241,"href":"https:\/\/www.ilmenau.org\/sites\/wp-json\/wp\/v2\/pages\/40\/revisions\/2241"}],"up":[{"embeddable":true,"href":"https:\/\/www.ilmenau.org\/sites\/wp-json\/wp\/v2\/pages\/24"}],"wp:attachment":[{"href":"https:\/\/www.ilmenau.org\/sites\/wp-json\/wp\/v2\/media?parent=40"}],"curies":[{"name":"wp","href":"https:\/\/api.w.org\/{rel}","templated":true}]}}