{"id":39,"date":"2008-05-05T09:54:34","date_gmt":"2008-05-05T07:54:34","guid":{"rendered":"http:\/\/www.ilmenau.org\/sites\/?page_id=39"},"modified":"2018-01-22T19:05:28","modified_gmt":"2018-01-22T18:05:28","slug":"downloads","status":"publish","type":"page","link":"https:\/\/www.ilmenau.org\/sites\/willkommen\/downloads\/","title":{"rendered":"Produktbrosch\u00fcren"},"content":{"rendered":"<h3>Download-Dokumente und andere Informationen<\/h3>\n<p><a href=\"http:\/\/www.turbomed.de\/data\/upload\/emags\/Broschuere_TURBOMED_PLUS\/index.html\" target=\"_blank\">Produktbrosch\u00fcre CGM TURBOMED PLUS<\/a><\/p>\n<p><a href=\"http:\/\/www.turbomed.de\/data\/upload\/emags\/Broschuere_TURBOMED_Live-Check\/index.html\" target=\"_blank\">Produktbrosch\u00fcre TURBOMED Live-Check<\/a><br \/>\n<a href=\"http:\/\/www.turbomed.de\/data\/upload\/emags\/Broschuere_TURBOMED_Augenarzt\/index.html\" target=\"_blank\"> Produktbrosch\u00fcre TURBOMED-Augenarzt<\/a><br \/>\n<a href=\"http:\/\/www.turbomed.de\/data\/upload\/emags\/Broschuere_TURBOMED_MVZ\/index.html\" target=\"_blank\">Produktbrosch\u00fcre CGM TURBOMED-MVZ<\/a><br \/>\n<a href=\"http:\/\/www.turbomed.de\/data\/upload\/emags\/Broschuere_TURBOMED_Psychotherapie\/index.html\" target=\"_blank\">Produktbrosch\u00fcre CGM TURBOMED-Psychotherapie<\/a><br \/>\n<a href=\"http:\/\/www.turbomed.de\/data\/upload\/emags\/Broschuere_TURBOMED_Gynaekologie\/index.html\" target=\"_blank\">Produktbrosch\u00fcre CGM TURBOMED-Facharzt Gyn\u00e4kologie<\/a><br \/>\n<a href=\"http:\/\/www.turbomed.de\/data\/upload\/emags\/Broschuere_CGM_PRAXISARCHIV\/index.html\" target=\"_blank\">Produktbrosch\u00fcre CGM PRAXISARCHIV<\/a><br \/>\n<a href=\"http:\/\/www.turbomed.de\/data\/upload\/emags\/CGM_ORGANIZER\/index.html\" target=\"_blank\">Produktbrosch\u00fcre CGM ORGANIZER<\/a><br \/>\n<a href=\"http:\/\/www.turbomed.de\/data\/upload\/emags\/CGM_MOBILE_App\/index.html\" target=\"_blank\">Produktbrosch\u00fcre CGM MOBILE App<\/a><br \/>\n<a href=\"http:\/\/www.turbomed.de\/data\/upload\/emags\/Broschuere_CGM_Mitarbeiterzeitverwaltung\/index.html\" target=\"_blank\">Produktbrosch\u00fcre CGM PRAXISTIMER, Mitarbeiterzeitverwaltung<\/a><br \/>\n<a href=\"http:\/\/www.turbomed.de\/data\/upload\/emags\/Broschuere_TURBOMED_ImpfDoc\/index.html\" target=\"_blank\">Produktbrosch\u00fcre ImpfDoc<\/a><br \/>\n<a href=\"http:\/\/www.turbomed.de\/data\/upload\/emags\/Broschuere_TurboMed-VisioDok\/index.html\" target=\"_blank\">Produktbrosch\u00fcre VisioDok<\/a><br \/>\n<a href=\"http:\/\/www.turbomed.de\/data\/upload\/emags\/Broschuere_TURBOMED_HITPANEL\/index.html\" target=\"_blank\">Produktbrosch\u00fcre HITPANEL<\/a><\/p>\n<p><a href=\"https:\/\/itunes.apple.com\/de\/app\/turbomed-mobil\/id945666902?mt=8\" target=\"_blank\">iTunes Vorschau CGM TURBOMED MOBIL<\/a><\/p>\n","protected":false},"excerpt":{"rendered":"<p>Download-Dokumente und andere Informationen Produktbrosch\u00fcre CGM TURBOMED PLUS Produktbrosch\u00fcre TURBOMED Live-Check Produktbrosch\u00fcre TURBOMED-Augenarzt Produktbrosch\u00fcre CGM TURBOMED-MVZ Produktbrosch\u00fcre CGM TURBOMED-Psychotherapie Produktbrosch\u00fcre CGM TURBOMED-Facharzt Gyn\u00e4kologie Produktbrosch\u00fcre CGM PRAXISARCHIV Produktbrosch\u00fcre CGM ORGANIZER Produktbrosch\u00fcre CGM MOBILE App Produktbrosch\u00fcre CGM PRAXISTIMER, Mitarbeiterzeitverwaltung Produktbrosch\u00fcre ImpfDoc Produktbrosch\u00fcre VisioDok Produktbrosch\u00fcre HITPANEL iTunes Vorschau CGM TURBOMED MOBIL<\/p>\n","protected":false},"author":1,"featured_media":0,"parent":24,"menu_order":100,"comment_status":"closed","ping_status":"closed","template":"","meta":{"footnotes":""},"class_list":["post-39","page","type-page","status-publish","hentry"],"_links":{"self":[{"href":"https:\/\/www.ilmenau.org\/sites\/wp-json\/wp\/v2\/pages\/39","targetHints":{"allow":["GET"]}}],"collection":[{"href":"https:\/\/www.ilmenau.org\/sites\/wp-json\/wp\/v2\/pages"}],"about":[{"href":"https:\/\/www.ilmenau.org\/sites\/wp-json\/wp\/v2\/types\/page"}],"author":[{"embeddable":true,"href":"https:\/\/www.ilmenau.org\/sites\/wp-json\/wp\/v2\/users\/1"}],"replies":[{"embeddable":true,"href":"https:\/\/www.ilmenau.org\/sites\/wp-json\/wp\/v2\/comments?post=39"}],"version-history":[{"count":61,"href":"https:\/\/www.ilmenau.org\/sites\/wp-json\/wp\/v2\/pages\/39\/revisions"}],"predecessor-version":[{"id":1740,"href":"https:\/\/www.ilmenau.org\/sites\/wp-json\/wp\/v2\/pages\/39\/revisions\/1740"}],"up":[{"embeddable":true,"href":"https:\/\/www.ilmenau.org\/sites\/wp-json\/wp\/v2\/pages\/24"}],"wp:attachment":[{"href":"https:\/\/www.ilmenau.org\/sites\/wp-json\/wp\/v2\/media?parent=39"}],"curies":[{"name":"wp","href":"https:\/\/api.w.org\/{rel}","templated":true}]}}