{"id":38,"date":"2008-05-05T09:44:59","date_gmt":"2008-05-05T07:44:59","guid":{"rendered":"http:\/\/www.ilmenau.org\/sites\/?page_id=38"},"modified":"2012-10-11T23:59:18","modified_gmt":"2012-10-11T22:59:18","slug":"cordoba-fur-arztnetze","status":"publish","type":"page","link":"https:\/\/www.ilmenau.org\/sites\/willkommen\/cordoba-fur-arztnetze\/","title":{"rendered":"CORDOBA f\u00fcr Arztnetze"},"content":{"rendered":"<h2>Die Datenplattform f\u00fcr \u00c4rztenetze: CORDOBA<\/h2>\n<h3>Die L\u00f6sung f\u00fcr \u00c4rztenetze, die mehr wollen &#8230;<\/h3>\n<p>Mit <strong>Tele<\/strong>Med.net ist eine der wichtigsten Voraussetzung f\u00fcr den elektronischen Datenaustausch in \u00c4rztenetzen geschaffen. Schon mehr als 6.500 \u00c4rzte nutzen diese M\u00f6glichkeiten in Ihrer Praxissoftware um einfach, sicher und vor allem schnell Patientendaten und Informationen untereinander auszutauschen.<\/p>\n<p><strong>M\u00f6chten Sie aber mehr?<\/strong> &#8211; M\u00f6chten Sie Netzvertr\u00e4ge abschlie\u00dfen und erf\u00fcllen, m\u00f6chten Sie regionale Patientenakten f\u00fchren? Dann setzen Sie auf <strong>CORDOBA<\/strong>!<\/p>\n<p><strong>CORDOBA<\/strong> ist die Vernetzungs-L\u00f6sung f\u00fcr alle \u00c4rztenetze. Basierend auf den gepr\u00fcft sicheren Funktionen von <strong>Tele<\/strong>Med.net bietet Ihnen <strong>CORDOBA<\/strong> umfangreiche Funktionen f\u00fcr eine zentrale Datenhaltung und die vertragskonforme Auswertung dieser Daten an. Neben den \u2013 vorrangig aus medizinischer und \u00f6konomischer Sicht \u2013 Vorteilen der zentralen Patientenakte erm\u00f6glicht diese ebenso netz\u00fcbergreifende Auswertungen, Statistiken und ein Benchmarking. Zuk\u00fcnftig sind gemeinsame Abrechnungen ebenso m\u00f6glich wie eine netzweite Interaktions-, und Kontraindikationspr\u00fcfung der Patientenmedikation.<\/p>\n<p><strong>CORDOBA<\/strong> ist der Datenserver des \u00c4rztenetzes! Der eigene Netzwerk-Server garantiert die Datenhoheit f\u00fcr das Netz und deren \u00c4rzte.<\/p>\n<p>Und das Beste: <strong>CORDOBA<\/strong> ist auch voll integriert in <strong>Turbo<\/strong>Med (&#8230; und weiteren f\u00fchrenden Software-Programmen!). Ein teurer, ungew\u00fcnschter Software-Wechsel entf\u00e4llt, Sie haben volle Funktionalit\u00e4t unter Beibehaltung Ihrer gewohnten Arbeitsweise in Ihrem <strong>Turbo<\/strong>Med\u2013Programm.<\/p>\n<p><a href=\"http:\/\/www.turbomed.de\/data\/articles\/00000082\/00000085.pdf\"><strong>Der aktuelle Flyer zu CORDOBA<\/strong> | PDF | 311 KB<\/a><\/p>\n<p>Weitere Informationen und Ansprechpartner finden Sie auch unter <a href=\"http:\/\/www.turbomed.de\/turbomed\/AddOns\/cordoba\/\" target=\"_blank\">http:\/\/www.turbomed.de\/turbomed\/AddOns\/cordoba<\/a><\/p>\n","protected":false},"excerpt":{"rendered":"<p>Die Datenplattform f\u00fcr \u00c4rztenetze: CORDOBA Die L\u00f6sung f\u00fcr \u00c4rztenetze, die mehr wollen &#8230; Mit TeleMed.net ist eine der wichtigsten Voraussetzung f\u00fcr den elektronischen Datenaustausch in \u00c4rztenetzen geschaffen. Schon mehr als 6.500 \u00c4rzte nutzen diese M\u00f6glichkeiten in Ihrer Praxissoftware um einfach, sicher und vor allem schnell Patientendaten und Informationen untereinander auszutauschen. M\u00f6chten Sie aber mehr? &#8211; [&hellip;]<\/p>\n","protected":false},"author":1,"featured_media":0,"parent":24,"menu_order":800,"comment_status":"closed","ping_status":"closed","template":"","meta":{"footnotes":""},"class_list":["post-38","page","type-page","status-publish","hentry"],"_links":{"self":[{"href":"https:\/\/www.ilmenau.org\/sites\/wp-json\/wp\/v2\/pages\/38","targetHints":{"allow":["GET"]}}],"collection":[{"href":"https:\/\/www.ilmenau.org\/sites\/wp-json\/wp\/v2\/pages"}],"about":[{"href":"https:\/\/www.ilmenau.org\/sites\/wp-json\/wp\/v2\/types\/page"}],"author":[{"embeddable":true,"href":"https:\/\/www.ilmenau.org\/sites\/wp-json\/wp\/v2\/users\/1"}],"replies":[{"embeddable":true,"href":"https:\/\/www.ilmenau.org\/sites\/wp-json\/wp\/v2\/comments?post=38"}],"version-history":[{"count":6,"href":"https:\/\/www.ilmenau.org\/sites\/wp-json\/wp\/v2\/pages\/38\/revisions"}],"predecessor-version":[{"id":476,"href":"https:\/\/www.ilmenau.org\/sites\/wp-json\/wp\/v2\/pages\/38\/revisions\/476"}],"up":[{"embeddable":true,"href":"https:\/\/www.ilmenau.org\/sites\/wp-json\/wp\/v2\/pages\/24"}],"wp:attachment":[{"href":"https:\/\/www.ilmenau.org\/sites\/wp-json\/wp\/v2\/media?parent=38"}],"curies":[{"name":"wp","href":"https:\/\/api.w.org\/{rel}","templated":true}]}}