{"id":285,"date":"2010-03-03T02:15:06","date_gmt":"2010-03-03T00:15:06","guid":{"rendered":"http:\/\/www.ilmenau.org\/sites\/?page_id=285"},"modified":"2012-04-05T23:19:49","modified_gmt":"2012-04-05T22:19:49","slug":"turbomed-leistungsbeschreibung","status":"publish","type":"page","link":"https:\/\/www.ilmenau.org\/sites\/willkommen\/turbomed-leistungsbeschreibung\/","title":{"rendered":"TurboMed Leistungsbeschreibung"},"content":{"rendered":"<h1>Willkommen!<\/h1>\n<p>&nbsp;<\/p>\n<p>Auf den folgenden Seiten m\u00f6chten wir Ihnen gerne einen Einblick in die Welt von TurboMed geben.<\/p>\n<p style=\"text-align: justify;\">TurboMed ist seit Jahren mit das meistverkaufte Arztpraxisprogramm in Deutschland.\u00a0 Jedes Jahr entscheiden sich mehr als 1.000 Mediziner, TurboMed als ihr Arztinformationssystem neu in der Praxis einzusetzen. Insgesamt arbeiten heute <strong>\u00fcber 19.800 \u00c4rzte<\/strong> mit TurboMed!<\/p>\n<ul>\n<li>praxisnah und zukunftsorientiert<\/li>\n<li>g\u00fcnstige Softwarewartung<\/li>\n<li>zentrale Hotline<\/li>\n<li>bundesweites Servicepartner-Netz mit regionalen Hotlines (ServicePLUS)<\/li>\n<li>regelm\u00e4\u00dfige Programm-Updates<\/li>\n<li>Entwickelt von \u00c4rzten f\u00fcr \u00c4rzte<\/li>\n<\/ul>\n<h3>Entwickelt von \u00c4rzten f\u00fcr \u00c4rzte<\/h3>\n<p style=\"text-align: justify;\">Der Erfolg von TurboMed hat viele Gr\u00fcnde &#8211; einer davon ist, dass die TurboMed EDV GmbH von einem niedergelassenen Mediziner aus Kiel gegr\u00fcndet wurde. Sowohl die ersten Schritte mit der Software als auch die Weiterentwicklungen der letzten Jahre basieren somit nicht auf Theorie, sondern auf Praxis: Konkrete Aufgabenstellungen f\u00fchrten zu konkreten L\u00f6sungen. Wir haben von Anfang an ein Gesp\u00fcr daf\u00fcr gehabt, was \u00c4rzte wollen und brauchen.<\/p>\n<p style=\"text-align: justify;\">Da Praxisn\u00e4he nach wie vor eines unserer h\u00f6chsten Ziele ist, lassen wir uns auch heute weiterhin von medizinischen Fachkr\u00e4ften beraten. W\u00fcnsche und Anregungen der Kollegen nehmen wir stets gerne auf und ber\u00fccksichtigen sie so gut wie m\u00f6glich bei der Weiterentwicklung unserer Softwareprodukte. Damit ist eine optimale Praxisn\u00e4he quasi vor-programmiert.<\/p>\n<h3>Viele hundert medizinische Formulare in Originaldarstellung<\/h3>\n<p style=\"text-align: justify;\">TurboMed stellt ein topmodernes und zukunftssicheres Arztpraxisprogramm mit beispiellosem Funktionsumfang dar. So finden Sie vermutlich in keinem anderen Programm etwa \u00fcber 500 realit\u00e4tsnah abgebildete Formulare des Gesundheitswesens in perfekter Originaldarstellung zum direkten Ausf\u00fcllen, die dar\u00fcber hinaus auch noch stufenlos zoombar sind.<\/p>\n<h3>Individuell anpassbar<\/strong><\/h3>\n<p style=\"text-align: justify;\">TurboMed ist \u00fcbersichtlich, sehr leicht zu bedienen und dank <em>my<\/em>TM auch an die individuellen Bed\u00fcrfnisse Ihrer Praxis anpassbar. Machen Sie sich doch ein Bild von dem Funktionsumfang, indem Sie unsere Demoversion testen! Diese ist mit Ausnahme des Arztnamens voll funktionsf\u00e4hig und bietet Ihnen eine repr\u00e4sentative Vorstellung davon, wie Ihre Arbeit mit TurboMed aussehen k\u00f6nnte.<\/p>\n","protected":false},"excerpt":{"rendered":"<p>Willkommen! &nbsp; Auf den folgenden Seiten m\u00f6chten wir Ihnen gerne einen Einblick in die Welt von TurboMed geben. TurboMed ist seit Jahren mit das meistverkaufte Arztpraxisprogramm in Deutschland.\u00a0 Jedes Jahr entscheiden sich mehr als 1.000 Mediziner, TurboMed als ihr Arztinformationssystem neu in der Praxis einzusetzen. Insgesamt arbeiten heute \u00fcber 19.800 \u00c4rzte mit TurboMed! praxisnah und [&hellip;]<\/p>\n","protected":false},"author":1,"featured_media":0,"parent":24,"menu_order":5,"comment_status":"closed","ping_status":"closed","template":"","meta":{"footnotes":""},"class_list":["post-285","page","type-page","status-publish","hentry"],"_links":{"self":[{"href":"https:\/\/www.ilmenau.org\/sites\/wp-json\/wp\/v2\/pages\/285","targetHints":{"allow":["GET"]}}],"collection":[{"href":"https:\/\/www.ilmenau.org\/sites\/wp-json\/wp\/v2\/pages"}],"about":[{"href":"https:\/\/www.ilmenau.org\/sites\/wp-json\/wp\/v2\/types\/page"}],"author":[{"embeddable":true,"href":"https:\/\/www.ilmenau.org\/sites\/wp-json\/wp\/v2\/users\/1"}],"replies":[{"embeddable":true,"href":"https:\/\/www.ilmenau.org\/sites\/wp-json\/wp\/v2\/comments?post=285"}],"version-history":[{"count":7,"href":"https:\/\/www.ilmenau.org\/sites\/wp-json\/wp\/v2\/pages\/285\/revisions"}],"predecessor-version":[{"id":1743,"href":"https:\/\/www.ilmenau.org\/sites\/wp-json\/wp\/v2\/pages\/285\/revisions\/1743"}],"up":[{"embeddable":true,"href":"https:\/\/www.ilmenau.org\/sites\/wp-json\/wp\/v2\/pages\/24"}],"wp:attachment":[{"href":"https:\/\/www.ilmenau.org\/sites\/wp-json\/wp\/v2\/media?parent=285"}],"curies":[{"name":"wp","href":"https:\/\/api.w.org\/{rel}","templated":true}]}}