{"id":26,"date":"2007-09-23T22:02:37","date_gmt":"2007-09-23T20:02:37","guid":{"rendered":"http:\/\/www.ilmenau.org\/wordpress\/?page_id=26"},"modified":"2016-09-17T22:14:17","modified_gmt":"2016-09-17T21:14:17","slug":"turbomed-fur-augenarzte","status":"publish","type":"page","link":"https:\/\/www.ilmenau.org\/sites\/willkommen\/turbomed-leistungsbeschreibung\/turbomed-fur-augenarzte\/","title":{"rendered":"TurboMed f\u00fcr Augen\u00e4rzte"},"content":{"rendered":"<h2>F\u00fcr Augen\u00e4rzte gibt es eine Spezialversion von TurboMed:<\/h2>\n<p><strong><span style=\"color: #ff0000; font-size: large;\">TurboMed-A<\/span><\/strong><\/p>\n<p>Das ergibt Sinn: kaum eine andere Fachrichtung weist derartig viele Besonderheiten auf &#8211; insbesondere im Bereich der medizinisch-technischen Sonderausstattung der Arztpraxis. Aber auch die Anforderungen an die elektronische Karteikarte sind hoch speziell.<\/p>\n<p>F\u00fcr Augen\u00e4rzte stellt TurboMed deshalb diese erweiterte Spezial-Version bereit, die sich vor allem durch eine gesonderte<strong> ophthalmologische Karteikarte<\/strong> (getrennte Darstellung des rechten und linken Auges)und durch <strong>diverse Schnittstellen zu ophthalmologische Ger\u00e4ten <\/strong>auszeichnet. Sie k\u00f6nnen mehr als 100 augen\u00e4rztliche Me\u00dfger\u00e4te (z.B. Refraktometer, Lensmeter, Phoropter etc.) direkt an TurboMed anschlie\u00dfen. Die Ger\u00e4teschnittstellen werden nat\u00fcrlich st\u00e4ndig aktualisiert und es kommen laufend neue hinzu.<\/p>\n<h3>\u00dcberaus leistungsf\u00e4hig: Die opthalmologische Karteikarte von TurboMed<\/h3>\n<p>Die elektronische Karteikarte von TurboMed-A ist speziell auf die Bed\u00fcrfnisse des Augenarztes zugeschnitten. Hier finden Sie Komfort und exzellente \u00dcbersicht. Viele der in Augenarztpraxen \u00fcblichen Ger\u00e4te k\u00f6nnen problemlos an TurboMed-A angeschlossen werden und die von diesen Systemen erfassten Werte werden direkt und \u00fcbersichtlich in der ophthalmologischen Karteikarte des Patienten abgespeichert. Die so in der ophthalmologischen Karteikarte vorhandenen Messwerte stehen dann auch f\u00fcr weitere Folgeuntersuchungen zur Verf\u00fcgung. So k\u00f6nnen z.B. Messwerte aus einem Autorefraktometer oder Scheitelbrechwertmesser \u00fcber die Karteikarte direkt <strong>an einen Phoropter<\/strong> \u00fcbermittelt werden. Dieser wiederum verwendet die zuvor empfangenen Messwerte zur Voreinstellung und sendet die nach der Messung korrigierten Werte <strong>zur\u00fcck in die Karteikarte<\/strong>. Diese Daten wiederum k\u00f6nnen dann z.B. direkt zur Brillenverordnung mit dem Brillenrezept genutzt werden. Einfach, schnell und praktisch!<\/p>\n<p>Die hervorragende \u00dcbersichtlichkeit auch bei l\u00e4ngeren Karteikarten wird durch individuell einstellbaren Ansichtsfilter gew\u00e4hrleistet: Diese werden in Form von <strong>Karteireitern <\/strong>am unteren Ende der Karteikarte angezeigt, durch Anklicken wechselt TurboMed-A sofort die Ansicht der Karteikarteninhalte und stellt nur noch die gew\u00fcnschten Eintr\u00e4ge dar. Auf dem Bild unten sind als Beispiel einige solcher Karteireiter gut am unteren Rand der Karteikarte sichtbar.<\/p>\n<p style=\"text-align: center;\"><a href=\"https:\/\/www.ilmenau.org\/sites\/wp-content\/uploads\/2007\/09\/TMAKarteikarte.jpg\"><img decoding=\"async\" class=\"aligncenter  wp-image-898\" title=\"TMAKarteikarte\" src=\"https:\/\/www.ilmenau.org\/sites\/wp-content\/uploads\/2007\/09\/TMAKarteikarte.jpg\" alt=\"\" width=\"520\" srcset=\"https:\/\/www.ilmenau.org\/sites\/wp-content\/uploads\/2007\/09\/TMAKarteikarte.jpg 550w, https:\/\/www.ilmenau.org\/sites\/wp-content\/uploads\/2007\/09\/TMAKarteikarte-300x227.jpg 300w\" sizes=\"(max-width: 550px) 100vw, 550px\" \/><\/a><\/p>\n<p>F\u00fcr die Darstellung von Messreihen bietet TurboMed schnelle und komfortable grafische Auswertungsm\u00f6glichkeiten: z.B. einfach in eine Zeile mit einem Augendruck-Wert gehen und im Men\u00fc auf den Punkt \u2018ophth. grafische Befundung\u2019 klicken: <strong>vollautomatisch<\/strong> erstellt TurboMed eine Kurve \u00fcber s\u00e4mtliche je f\u00fcr diesen Patienten erhobenen Augendruck-Werte.<\/p>\n<p style=\"text-align: center;\"><a href=\"https:\/\/www.ilmenau.org\/sites\/wp-content\/uploads\/2007\/09\/Tensio2.jpg\"><img decoding=\"async\" class=\"aligncenter  wp-image-899\" title=\"Tensio2\" src=\"https:\/\/www.ilmenau.org\/sites\/wp-content\/uploads\/2007\/09\/Tensio2.jpg\" alt=\"\" width=\"520\" srcset=\"https:\/\/www.ilmenau.org\/sites\/wp-content\/uploads\/2007\/09\/Tensio2.jpg 550w, https:\/\/www.ilmenau.org\/sites\/wp-content\/uploads\/2007\/09\/Tensio2-300x188.jpg 300w\" sizes=\"(max-width: 550px) 100vw, 550px\" \/><\/a><\/p>\n<p>Bildgebende Diagnostika, z.B. <strong>Funduskamera oder Spaltlampenkamera<\/strong>, sind direkt an TurboMed-A anschlie\u00dfbar und werden durch die programmeigene Dokumenten- und Bildverarbeitung direkt und unkompliziert dargestellt: hier reicht eine Taste und das aufgenommene Bild erscheint auf dem Bildschirm. Bedarfsweise k\u00f6nnen nun verschiedenste Markierungen, Hinweispfeile oder Texteingaben direkt in das Bild gesetzt werden. Auch alle Bilder werden direkt in der Karteikarte abgespeichert &#8211; umst\u00e4ndliche Suchman\u00f6ver entfallen komplett.<\/p>\n<p>Auch die von einigen Systemen gelieferten <strong>DICOM-Bilder<\/strong> k\u00f6nnen problemlos in TurboMed betrachtet werden, TurboMed wird mit dem integrierten DICOM-Viewer von ConVis ausgeliefert. Einfachst k\u00f6nnen Sie zu allen fr\u00fcher aufgenommenen Bildern des Patienten gelangen. Sie bl\u00e4ttern in der Bildverarbeitung einfach per Taste zwischen den einzelnen Dokumenten des Patienten hin- und her, so als h\u00e4tten Sie Papierbilder oder Briefe in der Hand. Die f\u00fcr die t\u00e4gliche Arbeit notwendigen ophthalmologischen Formulare sind in bew\u00e4hrter TurboMed-Quali\u00e4t absolut <strong>realit\u00e4tsnah und frei zoombar<\/strong> integriert und werden bereits beim Aufruf mit Patienten-, Kassen- oder Karteidaten ausgef\u00fcllt. Bei nahezu allen Formularen ist \u00fcberdies die automatische \u00dcbernahme von Messwerten aus der Karteikarte selbstverst\u00e4ndlich &#8211; <strong>eine enorme Arbeitserleichterung<\/strong>! Auch Spezialprogramme k\u00f6nnen direkt an Turbo-Med-A angebunden werden. So existieren Schnittstellen u.a. zu &#8218;<strong>Peridata<\/strong>&#8218; oder auch zu &#8218;<strong>Winlens<\/strong>&#8218; als Programm f\u00fcr die Kontaktlinsenabrechnung mit den Kassen. TurboMed bietet durch seine gro\u00dfe Anwenderzahl (derzeit \u00fcber <strong>21.000 Anwender<\/strong>) aus den verschiedensten Fachrichtungen und mit der bekannt kollegial-fairen Firmenphilosophie einen hervorragenden Investitionsschutz und das bei gleich bleibend g\u00fcnstigen monatlichen Kosten.<br \/>\nAlle integrierten Schnittstellen und Programmfunktionen sind gem\u00e4\u00df der bekannten &#8222;All-inclusive&#8220;-Philosophie von TurboMed bereits im TurboMed-A-Softwarepreis enthalten. Zudem k\u00f6nnen Sie TurboMed auf beliebig vielen PC&#8217;s in Ihrer Praxis oder auch Daheim installieren und nutzen und auch f\u00fcr Praxisgemeinschaften oder Gemeinschaftspraxen mit bis zu 3 \u00c4rzten bleibt der Preis so unver\u00e4ndert!<\/p>\n<p><strong><span style=\"color: #ff0000;\">Haben Sie weitergehendes Interesse?<\/span><\/strong><\/p>\n<p>Dann lesen Sie die folgenden Detailinformationen:<\/p>\n<h3>\u00dcbernahme der Messwerte in die Sehhilfenverordnung<\/h3>\n<p>Das Brillenrezept kann, als eines der am h\u00e4ufigsten verwendeten Formulare, neben dem Aufruf aus der Patientenmaske auch direkt aus der Karteikarte heraus erstellt werden. Nach dem Aufruf des Formulars k\u00f6nnen die in der Karteikarte hinterlegten Messwerte via Strg+F8 abgerufen werden. Dabei erhalten Sie bereits erfasste Brillenwerte, objektive Refraktions- und subjektive Refraktionswerte zur Auswahl. Die angew\u00e4hlten Messwerte werden komplett in die daf\u00fcr vorgesehenen Felder des Brillenrezepts \u00fcbernommen, so dass dieses nach Erg\u00e4nzung weiterer Angaben direkt ausgedruckt werden kann. Stehen keine zuvor erfassten Messwerte zur \u00dcbernahme zur Verf\u00fcgung, erfassen Sie die Werte manuell. Sollen einzelne Zeilen auf dem Rezept nicht ausgedruckt werden, so k\u00f6nnen diese einzeln ausgeblendet werden, indem Sie mit der Maus auf die jeweilige Zeilenbezeichnung (R, L, F, N) klicken. Werden z.B. nur alle Werte f\u00fcr das rechte Auge ben\u00f6tigt, klicken Sie jeweils f\u00fcr die Ferne- und N\u00e4hewerte auf die L-Markierung. Somit werden die Werte f\u00fcr das linke Auge ausgeblendet und nicht mit ausgedruckt.<\/p>\n<p>Da die Dokumentation \u00fcberwiegend in der Karteikarte stattfindet, l\u00e4sst sich das Brillenrezept direkt von den zu \u00fcbernehmenden Refraktions- oder Brillenwerten aus aufrufen. Hierzu setzt man entweder den Focus auf den gew\u00fcnschten Eintrag, indem man mit dem Cursor in die Art-Spalte des Eintrags klickt oder man aktiviert die Karteizeilenmarkierung in der mit &#8218;X&#8216; gekennzeichneten Spalte. Durch anschlie\u00dfendes Bet\u00e4tigen der Tastenkombination Strg+F8 wird das Brillenrezept mit den Werten des selektierten Eintrags ausgef\u00fchrt.<\/p>\n<h3>\u00dcbernahme der Messwerte in Formulare<\/h3>\n<p>Eine Vielzahl ophthalmologischer Formulare bietet Ihnen die M\u00f6glichkeit, Refraktions-, Visus-, Tono-oder Brillenwerte aus der Karteikarte heraus zu \u00fcbernehmen. Nachdem das gew\u00fcnschte Formular ge\u00f6ffnet wurde, erhalten Sie, egal an welcher Position sich der Cursor gerade befindet, mit der Tastenkombination Strg+F8 eine Auflistung bereits selektierter ophthalmologischer Karteieintr\u00e4ge. Der gew\u00fcnschte Eintrag wird dann automatisch durch Anwahl mit der Maus oder mit der Leertaste in die daf\u00fcr vorgesehenen Felder \u00fcbernommen.<\/p>\n<p>Eine Mehrfachauswahl ist m\u00f6glich, so dass gleichzeitig z.B. Visuswerte und Augeninnendruckwerte in das Formular \u00fcbernommen werden k\u00f6nnen.<\/p>\n<h3>Anamnese Ersterfassung<\/h3>\n<p>F\u00fcr die Anamnese-Erfassung in der Augenarztpraxis bietet TurboMed die M\u00f6glichkeit, die bereits in der Anmeldung erfassten Messungen, wie z.B. Brillenwerte und Refraktionsdaten in einer Ansicht gegen\u00fcber zu stellen. Zus\u00e4tzlich k\u00f6nnen hier auch gleich die Anamnese und weitere Befunde eingetragen werden. Dabei kann die Auswahl der bereits erfassten Daten jederzeit durch Mausklick auf die darunter angeordneten Auswahl-Buttons ge\u00e4ndert werden. Durch einfache Tastenbet\u00e4tigung oder per Mausklick werden die umfangreichen Daten in die Karteikarte des Patienten gespeichert.<br \/>\nDas Formular ist so flexibel gestaltet, dass die Kombination und Reihenfolge der Eingabefelder variiert werden kann. Die Eingabemaske kann auch direkt als Icon auf den TurboMed-Desktop abgelegt werden, so dass Sie nicht erst die Karteikarte \u00f6ffnen m\u00fcssen, sondern direkt vom Patienten aus die Anamnesedaten erfassen k\u00f6nnen.<\/p>\n<h3>Manuelle Brillenanpassung<\/h3>\n<p>Eine weitere komfortable Funktion bietet TurboMed Ihnen mit der manuellen Erfassung f\u00fcr Fern- und Nahsichtbrillen. Hier k\u00f6nnen Sie die letzten \u2018oref\u2019-Werte und die letzten \u2018bril\u2019-Werte des Patienten sehen, um diese mit den aktuell ausgew\u00e4hlten Brillengl\u00e4sern (manuelle Steckgl\u00e4ser) zu vergleichen.<br \/>\nAuch dieses Formular kann, wenn von Ihnen gew\u00fcnscht, direkt als Symbol auf dem TurboMed-Desktop hinterlegt werden. Damit steht Ihnen diese Funktion schon beim Aufruf des Patienten zur Verf\u00fcgung, ohne dass Sie die Karteikarte \u00f6ffnen m\u00fcssen.<\/p>\n<h3>Visuswerte nach DIN<\/h3>\n<p>Die Erfassung von Visuswerten zur \u00dcbernahme in Gutachten und Befundberichten wird \u00fcber ein Formular durchgef\u00fchrt. Dieses Formular bietet die M\u00f6glichkeit, Visuswerte ohne und mit Korrektur zu erfassen. Durch einfachen Mausklick auf die Zahlenreihe der genormten Sehsch\u00e4rfestufen nach EN ISO 8596, werden die Angaben f\u00fcr Ferne, Mittel und N\u00e4he \u00fcbernommen. W\u00e4hlen Sie die entsprechende Korrektur an, so aktivieren sich zus\u00e4tzlich unterhalb der Sehsch\u00e4rfestufen die Eingabefelder zur Erfassung der Korrekturwerte der entsprechenden Sehhilfe. Durch eine Tastenkombination k\u00f6nnen bereits zuvor erfasste Brillen und Kontaktlinsenwerte \u00fcbernommen werden.Somit stehen die Daten zur \u00dcbernahme auf die entsprechenden Formulare zur Verf\u00fcgung, z.B. \u201eAugen\u00e4rztliches Gutachten\u201c.<\/p>\n<h3>Prismenberechnung<\/h3>\n<p>Die Berechnung der Prismen zur korrekten \u00dcbergabe an die Sehhilfenverordnung kann ebenfalls von Ihnen durchgef\u00fchrt werden. Durch Mausklick auf die Button Fernbrille oder Nahbrille werden entsprechend die Werte in die zur Auswahl stehenden Brillenrezepte \u00fcbernommen.<br \/>\nWerden beispielsweise horizontale Prismen und Basiswerte aus einem \u00b4sref`-Eintrag an die Prismenberechnung gesandt, werden durch Mausklick auf BA die Prismen-Grad-Werte sofort errechnet, welche dann wieder an das Brillenrezept gesandt werden k\u00f6nnen. Zus\u00e4tzlich wird ein neuer \u00b4sref`-Eintrag in der Karteikarte erzeugt.<\/p>\n<h3>Ophth. graphische Darstellung<\/h3>\n<p>Verschiedene ophthalmologische Werte aus der Karteikarte lassen sich \u00fcber einen zeitlichen Verlauf grafisch darstellen. Automatisch werden alle in der Karteikarte erfassten Messwerte eines bestimmten Typs, etwa Tono-Werte, ber\u00fccksichtigt und \u00fcber den zeitlichen Verlauf zwischen erster und letzter in der Karteikarte eingetragener Messung als Verlaufskurve dargestellt.<br \/>\nSo kann beispielsweise der Druckverlauf eines Patienten unter der Angabe von Datum, Uhrzeit und Druck in mmHG grafisch dargestellt werden. Auf diese Weise k\u00f6nnen langfristige Ver\u00e4nderungen dargestellt und so dem Patienten anschaulich pr\u00e4sentiert werden. Des Weiteren stehen \u00fcber die Auswahlfunktion \u2018Art\u2019 weitere Tensio-Auswertungen nach den Verfahren von Schi\u00f6tz und Goldmann sowie die Auswertung der Visus- und Sph\u00e4renwerte zur Verf\u00fcgung. Jeweils durch einfache Auswahl zieht TurboMed die entsprechenden Daten automatisch aus der Karteikarte und stellt die Werte als Kurven dar.<\/p>\n<p>Das Herzst\u00fcck in einer Augenarztpraxis ist die Ger\u00e4teanbindung. Die Ger\u00e4te werden \u00fcber eine GDT Schnittstelle, eine serielle Schnittstelle oder direkt \u00fcber eine Ger\u00e4tesoftware angeschlossen und deren Messwerte werden automatisch in die elektronische Karteikarte des Patienten \u00fcbernommen. Direkt aus der Karteikarte werden die Ger\u00e4te \u00fcber eine Tastenkombination oder das Men\u00fc angesprochen und sofort ge\u00f6ffnet. In der Demo-Version sind f\u00fcr alle Ger\u00e4te Testwerte hinterlegt, die dann automatisch von TurboMed verwendet und direkt in die Karteikarte geschrieben werden. Wird ein Ger\u00e4t ausgew\u00e4hlt, \u00f6ffnet sich ein Status-Fenster, in dem auch besondere Anweisungen zur Ger\u00e4te-Bedienung enthalten sind. In diesem Fall ist es ein Visutron Plus. Nach der erfolgten Messung ist an dem Steuerger\u00e4t die Taste \u2018COM\u2019 zu dr\u00fccken und die dann versendeten Messwerte werden automatisch von TurboMed verarbeitet und in die Karteikarte geschrieben. Hier k\u00f6nnen die Daten jederzeit durch Anklicken oder \u00fcber die Enter-Taste wieder zum Bearbeiten ge\u00f6ffnet werden. Jeder Wert kann durch eine direkte Zahleneingabe oder \u00fcber die \u2018Bild-Auf\u2019 oder \u2018Bild-Ab\u2019-Taste in voreingestellte Werte-Spr\u00fcngen ver\u00e4ndert werden. \u00dcber den \u2018Senden an\u2019-Button k\u00f6nnen die Werte dann direkt an ein Brillenrezept \u00fcbergeben werden. Selbst in diesem Formular k\u00f6nnen die nun eingetragenen Werte nochmals ver\u00e4ndert werden.<\/p>\n","protected":false},"excerpt":{"rendered":"<p>F\u00fcr Augen\u00e4rzte gibt es eine Spezialversion von TurboMed: TurboMed-A Das ergibt Sinn: kaum eine andere Fachrichtung weist derartig viele Besonderheiten auf &#8211; insbesondere im Bereich der medizinisch-technischen Sonderausstattung der Arztpraxis. Aber auch die Anforderungen an die elektronische Karteikarte sind hoch speziell. F\u00fcr Augen\u00e4rzte stellt TurboMed deshalb diese erweiterte Spezial-Version bereit, die sich vor allem durch [&hellip;]<\/p>\n","protected":false},"author":1,"featured_media":0,"parent":285,"menu_order":17,"comment_status":"closed","ping_status":"closed","template":"","meta":{"footnotes":""},"class_list":["post-26","page","type-page","status-publish","hentry"],"_links":{"self":[{"href":"https:\/\/www.ilmenau.org\/sites\/wp-json\/wp\/v2\/pages\/26","targetHints":{"allow":["GET"]}}],"collection":[{"href":"https:\/\/www.ilmenau.org\/sites\/wp-json\/wp\/v2\/pages"}],"about":[{"href":"https:\/\/www.ilmenau.org\/sites\/wp-json\/wp\/v2\/types\/page"}],"author":[{"embeddable":true,"href":"https:\/\/www.ilmenau.org\/sites\/wp-json\/wp\/v2\/users\/1"}],"replies":[{"embeddable":true,"href":"https:\/\/www.ilmenau.org\/sites\/wp-json\/wp\/v2\/comments?post=26"}],"version-history":[{"count":14,"href":"https:\/\/www.ilmenau.org\/sites\/wp-json\/wp\/v2\/pages\/26\/revisions"}],"predecessor-version":[{"id":1438,"href":"https:\/\/www.ilmenau.org\/sites\/wp-json\/wp\/v2\/pages\/26\/revisions\/1438"}],"up":[{"embeddable":true,"href":"https:\/\/www.ilmenau.org\/sites\/wp-json\/wp\/v2\/pages\/285"}],"wp:attachment":[{"href":"https:\/\/www.ilmenau.org\/sites\/wp-json\/wp\/v2\/media?parent=26"}],"curies":[{"name":"wp","href":"https:\/\/api.w.org\/{rel}","templated":true}]}}