{"id":21,"date":"2007-09-18T00:24:06","date_gmt":"2007-09-17T22:24:06","guid":{"rendered":"http:\/\/www.ilmenau.org\/wordpress\/?page_id=21"},"modified":"2018-02-17T15:05:15","modified_gmt":"2018-02-17T14:05:15","slug":"hotline-von-turbomed","status":"publish","type":"page","link":"https:\/\/www.ilmenau.org\/sites\/willkommen\/turbomed-leistungsbeschreibung\/hotline-von-turbomed\/","title":{"rendered":"Hotline von TurboMed"},"content":{"rendered":"<p>Unsere Hotline ist f\u00fcr alle TurboMed-Anwender telefonisch erreichbar unter der Telefonnummer 0261 8000 2345. TurboMed-Anwender erhalten hier unbegrenzten und kostenlosen Support.<\/p>\n<p>Per E-Mail ist die Turbomed Hotline erreichbar unter <a href=\"mailto:turbomed@cgm.com\">turbomed@cgm.com<\/a><\/p>\n<h3>Hotline-Zeiten:<\/h3>\n<p>Montag bis Freitag 8:00 bis 19:00 Uhr<\/p>\n<h4><span style=\"color: #ff0000;\">Hotline 0261 8000 2345<\/span><\/h4>\n<p>An den Abrechnungs-Wochenenden sind wir auch Samstags und Sonntags erreichbar.<\/p>\n<p>&nbsp;<\/p>\n<p>Aber es gibt noch mehr: auch unserer bundesweit verteilten TurboMed-Partner stehen Ihnen telefonisch zur Verf\u00fcgung. Und auch hier gibt es langj\u00e4hrige Partner, die seit 27 Jahren vor Ort den Service f\u00fcr Sie \u00fcbernehmen.<\/p>\n","protected":false},"excerpt":{"rendered":"<p>Unsere Hotline ist f\u00fcr alle TurboMed-Anwender telefonisch erreichbar unter der Telefonnummer 0261 8000 2345. TurboMed-Anwender erhalten hier unbegrenzten und kostenlosen Support. Per E-Mail ist die Turbomed Hotline erreichbar unter turbomed@cgm.com Hotline-Zeiten: Montag bis Freitag 8:00 bis 19:00 Uhr Hotline 0261 8000 2345 An den Abrechnungs-Wochenenden sind wir auch Samstags und Sonntags erreichbar. &nbsp; Aber es [&hellip;]<\/p>\n","protected":false},"author":1,"featured_media":0,"parent":285,"menu_order":18,"comment_status":"closed","ping_status":"closed","template":"","meta":{"footnotes":""},"class_list":["post-21","page","type-page","status-publish","hentry"],"_links":{"self":[{"href":"https:\/\/www.ilmenau.org\/sites\/wp-json\/wp\/v2\/pages\/21","targetHints":{"allow":["GET"]}}],"collection":[{"href":"https:\/\/www.ilmenau.org\/sites\/wp-json\/wp\/v2\/pages"}],"about":[{"href":"https:\/\/www.ilmenau.org\/sites\/wp-json\/wp\/v2\/types\/page"}],"author":[{"embeddable":true,"href":"https:\/\/www.ilmenau.org\/sites\/wp-json\/wp\/v2\/users\/1"}],"replies":[{"embeddable":true,"href":"https:\/\/www.ilmenau.org\/sites\/wp-json\/wp\/v2\/comments?post=21"}],"version-history":[{"count":24,"href":"https:\/\/www.ilmenau.org\/sites\/wp-json\/wp\/v2\/pages\/21\/revisions"}],"predecessor-version":[{"id":1762,"href":"https:\/\/www.ilmenau.org\/sites\/wp-json\/wp\/v2\/pages\/21\/revisions\/1762"}],"up":[{"embeddable":true,"href":"https:\/\/www.ilmenau.org\/sites\/wp-json\/wp\/v2\/pages\/285"}],"wp:attachment":[{"href":"https:\/\/www.ilmenau.org\/sites\/wp-json\/wp\/v2\/media?parent=21"}],"curies":[{"name":"wp","href":"https:\/\/api.w.org\/{rel}","templated":true}]}}