{"id":19,"date":"2007-09-18T00:24:29","date_gmt":"2007-09-17T22:24:29","guid":{"rendered":"http:\/\/www.ilmenau.org\/wordpress\/?page_id=19"},"modified":"2010-03-03T02:24:59","modified_gmt":"2010-03-03T00:24:59","slug":"bdt-schnittstelle","status":"publish","type":"page","link":"https:\/\/www.ilmenau.org\/sites\/willkommen\/turbomed-leistungsbeschreibung\/bdt-schnittstelle\/","title":{"rendered":"BDT-Schnittstelle"},"content":{"rendered":"<h3>Was ist das?<\/h3>\n<p>Die BDT-Schnittstelle ist Ihre pers\u00f6nliche Garantie daf\u00fcr, dass Sie jederzeit uneingeschr\u00e4nkter Besitzer Ihrer Daten sind.<\/p>\n<p>H\u00e4tten Sie eine computerlose Praxis, w\u00fcrden Sie alle Daten in eine Papier-Karteikarte hineinschreiben. Jederzeit k\u00f6nnten Sie mit Ihren tausenden Karteikarten machen, was Sie wollen, z.B. umziehen, wegordnen, aussortieren etc. Sie sind der <strong>tats\u00e4chliche<\/strong>, &#8218;physikalische&#8216; Besitzer Ihrer Daten.<\/p>\n<p>Doch wie sieht es aus, wenn Sie Ihre Daten in ein PC-Programm eingeben? Hierbei werden Ihre Daten in einem f\u00fcr Sie letztlich unerreichbaren Format abgespeichert. Im Falle des Falles kommen Sie an diese Daten nicht heran. Was also, wenn Ihr Softwarehersteller pleite geht oder seine Wartungspreise unangemessen erh\u00f6ht und Sie sich trennen wollen? Was wird aus Ihren bislang eingegebenen Daten? <strong>Wie bekommen Sie Ihre Daten aus dem alten PC heraus<\/strong> und transferieren diese auf ein neues System?<\/p>\n<p>Damit hier keine unangemessene Abh\u00e4ngigkeit vom Hersteller besteht, hat bereits vor Jahren die Kassen\u00e4rztliche Bundesvereinigung die sog. BDT-Schnittstelle definiert (Behandlungs-Daten-Tr\u00e4ger). Dahinter verbirgt sich eine riesige Tabelle, mit deren Hilfe aus Ihrem System die Daten strukturiert und allgemein verst\u00e4ndlich auf Ihre Festplatte oder auf andere Datentr\u00e4ger ausgelesen werden k\u00f6nnen und ab dann f\u00fcr einen Import in ein anderes System bereitstehen. Die BDT-Schnittstelle ist sozusagen ein Dolmetscher, welcher die Daten Ihres Systems in eine allgemein verst\u00e4ndliche Sprache \u00fcbersetzt, von der aus dann beliebige Importe in andere Systeme m\u00f6glich sind.<\/p>\n<p><strong>Ergo: nur wenn Sie \u00fcber eine funktionierende BDT-Schnittstelle verf\u00fcgen, sind Sie echter Besitzer Ihrer Daten.<\/strong><\/p>\n<p>TurboMed war stets ein Vorreiter und Verfechter des BDT-Gedankens. Die Daten im PC geh\u00f6ren dem Arzt, nicht etwa einem Softwarehersteller.<\/p>\n<p>Deshalb\u00a0ist von Anfang an eine BDT-Schnittstelle in TurboMed integriert. Das heisst auf deutsch: jederzeit k\u00f6nnen Sie TurboMed verlassen und Ihre Daten mitnehmen. Hiervor haben wir eben keine Angst: \u00a0wir wollen Sie durch unsere Leistung \u00fcberzeugen und Sie nicht etwa &#8218;datenm\u00e4\u00dfig einsperren&#8216;.<\/p>\n<p>Nett: mit unserer BDT-Schnittstelle k\u00f6nnen Sie nat\u00fcrlich auch Daten aus anderen Systemen einlesen, sofern diese im BDT-Format vorliegen.<\/p>\n<p><strong><span style=\"color: #ff0000;\">Unser dringender Rat:<\/span> Kaufen Sie niemals ein System ohne BDT-Schnittstelle<\/strong>.<\/p>\n","protected":false},"excerpt":{"rendered":"<p>Was ist das? Die BDT-Schnittstelle ist Ihre pers\u00f6nliche Garantie daf\u00fcr, dass Sie jederzeit uneingeschr\u00e4nkter Besitzer Ihrer Daten sind. H\u00e4tten Sie eine computerlose Praxis, w\u00fcrden Sie alle Daten in eine Papier-Karteikarte hineinschreiben. Jederzeit k\u00f6nnten Sie mit Ihren tausenden Karteikarten machen, was Sie wollen, z.B. umziehen, wegordnen, aussortieren etc. Sie sind der tats\u00e4chliche, &#8218;physikalische&#8216; Besitzer Ihrer Daten. [&hellip;]<\/p>\n","protected":false},"author":1,"featured_media":0,"parent":285,"menu_order":16,"comment_status":"closed","ping_status":"closed","template":"","meta":{"footnotes":""},"class_list":["post-19","page","type-page","status-publish","hentry"],"_links":{"self":[{"href":"https:\/\/www.ilmenau.org\/sites\/wp-json\/wp\/v2\/pages\/19","targetHints":{"allow":["GET"]}}],"collection":[{"href":"https:\/\/www.ilmenau.org\/sites\/wp-json\/wp\/v2\/pages"}],"about":[{"href":"https:\/\/www.ilmenau.org\/sites\/wp-json\/wp\/v2\/types\/page"}],"author":[{"embeddable":true,"href":"https:\/\/www.ilmenau.org\/sites\/wp-json\/wp\/v2\/users\/1"}],"replies":[{"embeddable":true,"href":"https:\/\/www.ilmenau.org\/sites\/wp-json\/wp\/v2\/comments?post=19"}],"version-history":[{"count":1,"href":"https:\/\/www.ilmenau.org\/sites\/wp-json\/wp\/v2\/pages\/19\/revisions"}],"predecessor-version":[{"id":304,"href":"https:\/\/www.ilmenau.org\/sites\/wp-json\/wp\/v2\/pages\/19\/revisions\/304"}],"up":[{"embeddable":true,"href":"https:\/\/www.ilmenau.org\/sites\/wp-json\/wp\/v2\/pages\/285"}],"wp:attachment":[{"href":"https:\/\/www.ilmenau.org\/sites\/wp-json\/wp\/v2\/media?parent=19"}],"curies":[{"name":"wp","href":"https:\/\/api.w.org\/{rel}","templated":true}]}}