{"id":18,"date":"2007-09-18T00:23:42","date_gmt":"2007-09-17T22:23:42","guid":{"rendered":"http:\/\/www.ilmenau.org\/wordpress\/?page_id=18"},"modified":"2016-09-17T21:49:13","modified_gmt":"2016-09-17T20:49:13","slug":"weitere-merkmale","status":"publish","type":"page","link":"https:\/\/www.ilmenau.org\/sites\/willkommen\/turbomed-leistungsbeschreibung\/weitere-merkmale\/","title":{"rendered":"Weitere Merkmale"},"content":{"rendered":"<ul>\n<li>TurboMed verf\u00fcgt noch \u00fcber weitaus mehr Funktionen<\/li>\n<li>Dank der g\u00fcnstigen\u00a0Wartungskosten sparen Sie clever!<\/li>\n<li>Ordern Sie\u00a0eine Demoversion ohne Einschr\u00e4nkungen!<\/li>\n<\/ul>\n<p>Die hier aufgef\u00fchrten Funktionen und Merkmale von TurboMed stellen naturgem\u00e4\u00df nur einen kleinen Ausschnitt aus dem Leistungspektrum von TurboMed dar. So umfasst der Lieferumfang bspw. auch noch<\/p>\n<ul>\n<li>eine integrierte TurboMed-Textverarbeitung<\/li>\n<li>Internet- und E-Mail-Funktionen direkt aus der Karteikarte<\/li>\n<li>umfangreiche integrierte medizinische Literatur und Bildatlanten sowie die Pharmadatenbank &#8222;ifap&#8220;<\/li>\n<li>GDT-Anbindungen an viele medizin-technischen Ger\u00e4te und noch viele weitere hilfreiche Funktionen.<\/li>\n<\/ul>\n<p>In den regelm\u00e4\u00dfigen TurboMed-Updates, die jeweils zum Quartalswechsel automatisch zugesandt werden, werden immer die aktuellen Vorgaben der KBV und der KVen sowie auch neue Programmeigenschaften und Funktionen mit ausgeliefert. Sie bekommen so immer automatisch die neueste TurboMed-Version.<\/p>\n<p>Machen Sie sich am besten selbst ein Bild von der Leistungsf\u00e4higkeit unserer Software und bestellen Sie sich eine <strong><a href=\"http:\/\/www.cgm.com\/de\/arzt_zahnarzt\/ais\/cgm_turbomed\/kontaktformular_turbomed_demoversion\/kontaktformular_turbomed_demoversion.de.jsp\">Demoversion von TurboMed<\/a><\/strong>. Sie erhalten unsere vollwertige Programmversion, die lediglich durch den fest integrierten Namen \u201cDr. Mustermann\u201d als Arzt eingeschr\u00e4nkt ist. Sie k\u00f6nnen ohne Einschr\u00e4nkungen alle Funktionen von TurboMed ausgiebig testen, selbst Patienten aufnehmen, Karteikarteneintr\u00e4ge anlegen und bspw. eine KV-Abrechnung durchf\u00fchren!<\/p>\n","protected":false},"excerpt":{"rendered":"<p>TurboMed verf\u00fcgt noch \u00fcber weitaus mehr Funktionen Dank der g\u00fcnstigen\u00a0Wartungskosten sparen Sie clever! Ordern Sie\u00a0eine Demoversion ohne Einschr\u00e4nkungen! Die hier aufgef\u00fchrten Funktionen und Merkmale von TurboMed stellen naturgem\u00e4\u00df nur einen kleinen Ausschnitt aus dem Leistungspektrum von TurboMed dar. So umfasst der Lieferumfang bspw. auch noch eine integrierte TurboMed-Textverarbeitung Internet- und E-Mail-Funktionen direkt aus der Karteikarte [&hellip;]<\/p>\n","protected":false},"author":1,"featured_media":0,"parent":285,"menu_order":19,"comment_status":"closed","ping_status":"closed","template":"","meta":{"footnotes":""},"class_list":["post-18","page","type-page","status-publish","hentry"],"_links":{"self":[{"href":"https:\/\/www.ilmenau.org\/sites\/wp-json\/wp\/v2\/pages\/18","targetHints":{"allow":["GET"]}}],"collection":[{"href":"https:\/\/www.ilmenau.org\/sites\/wp-json\/wp\/v2\/pages"}],"about":[{"href":"https:\/\/www.ilmenau.org\/sites\/wp-json\/wp\/v2\/types\/page"}],"author":[{"embeddable":true,"href":"https:\/\/www.ilmenau.org\/sites\/wp-json\/wp\/v2\/users\/1"}],"replies":[{"embeddable":true,"href":"https:\/\/www.ilmenau.org\/sites\/wp-json\/wp\/v2\/comments?post=18"}],"version-history":[{"count":12,"href":"https:\/\/www.ilmenau.org\/sites\/wp-json\/wp\/v2\/pages\/18\/revisions"}],"predecessor-version":[{"id":1423,"href":"https:\/\/www.ilmenau.org\/sites\/wp-json\/wp\/v2\/pages\/18\/revisions\/1423"}],"up":[{"embeddable":true,"href":"https:\/\/www.ilmenau.org\/sites\/wp-json\/wp\/v2\/pages\/285"}],"wp:attachment":[{"href":"https:\/\/www.ilmenau.org\/sites\/wp-json\/wp\/v2\/media?parent=18"}],"curies":[{"name":"wp","href":"https:\/\/api.w.org\/{rel}","templated":true}]}}