{"id":16,"date":"2007-09-18T00:23:21","date_gmt":"2007-09-17T22:23:21","guid":{"rendered":"http:\/\/www.ilmenau.org\/wordpress\/?page_id=16"},"modified":"2012-04-06T00:05:03","modified_gmt":"2012-04-05T23:05:03","slug":"turbomednet","status":"publish","type":"page","link":"https:\/\/www.ilmenau.org\/sites\/willkommen\/turbomed-leistungsbeschreibung\/turbomednet\/","title":{"rendered":"TeleMed.net"},"content":{"rendered":"<h3>Die einfache und sichere Kommunikationsl\u00f6sung f\u00fcr \u00c4rzte<\/h3>\n<p>Versenden von Patientendaten und Arztbriefen, chatten mit Kollegen \u2013 telemed.net macht\u2019s m\u00f6glich. Dieser \u00e4rztliche Kommunikationsdienst ist in unserem Programm integriert und somit ein kostenloser Service f\u00fcr unsere Anwender.<br \/>\n<strong>Immer in Kontakt<\/strong><\/p>\n<p>Mit telemed.net k\u00f6nnen Sie sich mit beliebig vielen Kollegen jederzeit per PC unterhalten. Sie schreiben Ihre Nachricht, senden diese ab und der betreffende Kollege sieht Ihren Text sofort auf seinem Bildschirm. \u00dcber den Postleitzahlenfilter k\u00f6nnen Sie alle teilnehmenden Kollegen leicht finden und diejenigen, mit denen Sie h\u00e4ufig kommunizieren, in Ihre Favoritenliste aufnehmen, welche Ihnen \u00fcbersichtlich anzeigt, wer gerade online ist. \u00dcber die Chatfunktion stehen Sie au\u00dferdem in direktem Kontakt zur TurboMed-Hotline. Geben Sie einfach Ihre Frage ein, Sie erhalten schnell eine Antwort.<\/p>\n<h3>Einfacher Datenversand<\/h3>\n<p style=\"text-align: center;\"><a href=\"https:\/\/www.ilmenau.org\/sites\/wp-content\/uploads\/2012\/04\/tm_net.gif\"><img decoding=\"async\" class=\"aligncenter  wp-image-905\" title=\"tm_net\" src=\"https:\/\/www.ilmenau.org\/sites\/wp-content\/uploads\/2012\/04\/tm_net.gif\" alt=\"\" width=\"520\" srcset=\"https:\/\/www.ilmenau.org\/sites\/wp-content\/uploads\/2012\/04\/tm_net.gif 550w, https:\/\/www.ilmenau.org\/sites\/wp-content\/uploads\/2012\/04\/tm_net-300x244.gif 300w\" sizes=\"(max-width: 550px) 100vw, 550px\" \/><\/a><\/p>\n<p style=\"text-align: justify;\">Mit telemed.net senden Sie Textzeilen, Anamnesen, Befunde, Bilder oder Dokumente direkt aus der Karteikarte eines Patienten an Ihre Kollegen. Die Daten werden bei Ihrem Kollegen nach Zustimmung in die bestehende Patientenakte \u00fcbernommen. Ist der Patient noch nicht aufgenommen, werden dessen Daten automatisch in der Karteikarte des Empf\u00e4ngersystems abgelegt. Genauso einfach ist der Empfang von Patientendaten. Diese Funktion eignet sich hervorragend f\u00fcr eine qualifizierte \u00dcberweisung, bei der Sie die wichtigsten Unterlagen gleich mit senden. So hat Ihr Kollege alle notwendigen Daten, noch bevor der Patient selbst bei ihm erscheint.<\/p>\n<h3>Ausgezeichnete Datensicherheit<\/h3>\n<p>Ihre Patientendaten sind stets sicher und nur f\u00fcr diejenigen einsehbar, die dazu berechtigt sind. telemed.net ist vom Landeszentrum f\u00fcr Datenschutz in Schleswig-Holstein (<a href=\"http:\/\/www.datenschutzzentrum.de\/\" target=\"_blank\">www.datenschutzzentrum.de<\/a>) f\u00fcr seine vorbildliche Datensicherheit empfohlen worden. Von der Patienten-Zustimmung zum Versand pers\u00f6nlicher Daten bis hin zum hochsicheren Verschl\u00fcsselungsverfahren vor und w\u00e4hrend der Daten\u00fcbermittlung sind zahlreiche hochaktuelle und innovative Sicherheitsfunktionen integriert.<\/p>\n<h3>Ihre Vorteile auf einen Blick<\/h3>\n<ul>\n<li>Einfacher Datenversand direkt aus der Karteikarte<\/li>\n<li>Vollautomatische \u00dcbernahme von Patientendaten<\/li>\n<li>Datenaustausch auch mit Nutzern anderer Arztinformationssysteme<\/li>\n<li>Chatten mit beliebig vielen Kollegen<\/li>\n<li>Anzeige des Online-Status von Kollegen \u00fcber die Favoritenliste<\/li>\n<li>Senden von elektronischen Anfragen an die TurboMed-Hotline<\/li>\n<\/ul>\n<p>Steigen Sie jetzt mit ein!<\/p>\n<p>Unsere Kommunikationsplattform erm\u00f6glicht Ihnen eine kostenlose, komfortable und fl\u00e4chendeckende Arzt-zu-Arzt-Kommunikation. Die Vorteile von telemed.net haben bereits mehr als 16.000 \u00c4rzte erkannt, die den Dienst regelm\u00e4\u00dfig nutzen. Weit mehr als 18.000 Nachrichten werden pro Woche ausgetauscht. Probieren Sie eine der erfolgreichsten Kommunikationsl\u00f6sungen f\u00fcr \u00c4rzte in Deutschland am besten einfach selbst aus!<\/p>\n","protected":false},"excerpt":{"rendered":"<p>Die einfache und sichere Kommunikationsl\u00f6sung f\u00fcr \u00c4rzte Versenden von Patientendaten und Arztbriefen, chatten mit Kollegen \u2013 telemed.net macht\u2019s m\u00f6glich. Dieser \u00e4rztliche Kommunikationsdienst ist in unserem Programm integriert und somit ein kostenloser Service f\u00fcr unsere Anwender. Immer in Kontakt Mit telemed.net k\u00f6nnen Sie sich mit beliebig vielen Kollegen jederzeit per PC unterhalten. Sie schreiben Ihre Nachricht, [&hellip;]<\/p>\n","protected":false},"author":1,"featured_media":0,"parent":285,"menu_order":13,"comment_status":"closed","ping_status":"closed","template":"","meta":{"footnotes":""},"class_list":["post-16","page","type-page","status-publish","hentry"],"_links":{"self":[{"href":"https:\/\/www.ilmenau.org\/sites\/wp-json\/wp\/v2\/pages\/16","targetHints":{"allow":["GET"]}}],"collection":[{"href":"https:\/\/www.ilmenau.org\/sites\/wp-json\/wp\/v2\/pages"}],"about":[{"href":"https:\/\/www.ilmenau.org\/sites\/wp-json\/wp\/v2\/types\/page"}],"author":[{"embeddable":true,"href":"https:\/\/www.ilmenau.org\/sites\/wp-json\/wp\/v2\/users\/1"}],"replies":[{"embeddable":true,"href":"https:\/\/www.ilmenau.org\/sites\/wp-json\/wp\/v2\/comments?post=16"}],"version-history":[{"count":13,"href":"https:\/\/www.ilmenau.org\/sites\/wp-json\/wp\/v2\/pages\/16\/revisions"}],"predecessor-version":[{"id":163,"href":"https:\/\/www.ilmenau.org\/sites\/wp-json\/wp\/v2\/pages\/16\/revisions\/163"}],"up":[{"embeddable":true,"href":"https:\/\/www.ilmenau.org\/sites\/wp-json\/wp\/v2\/pages\/285"}],"wp:attachment":[{"href":"https:\/\/www.ilmenau.org\/sites\/wp-json\/wp\/v2\/media?parent=16"}],"curies":[{"name":"wp","href":"https:\/\/api.w.org\/{rel}","templated":true}]}}