{"id":14,"date":"2007-09-18T00:22:57","date_gmt":"2007-09-17T22:22:57","guid":{"rendered":"http:\/\/www.ilmenau.org\/wordpress\/?page_id=14"},"modified":"2012-04-06T00:39:12","modified_gmt":"2012-04-05T23:39:12","slug":"statistiken","status":"publish","type":"page","link":"https:\/\/www.ilmenau.org\/sites\/willkommen\/turbomed-leistungsbeschreibung\/statistiken\/","title":{"rendered":"Statistiken"},"content":{"rendered":"<ul>\n<li>individuelle, flexible Statistiken<\/li>\n<li>Export zu Office-Programmen<\/li>\n<\/ul>\n<p>TurboMed verf\u00fcgt \u00fcber eine Vielzahl von Statistiken, wie zum Beispiel:<\/p>\n<ul>\n<li>Diagnosenstatistik- Fallzahlen-\u00dcbersichten<\/li>\n<li>Leistungsstatistiken, z.B. Praxisbudget, Laborbudget<\/li>\n<li>Privat- und BG-Statistiken<\/li>\n<li>eine leistungsstarke Medikamentenstatistik (Regre\u00dfprophylaxe!)<\/li>\n<li>Tages\u00fcbersicht samt Tagesstatistik<\/li>\n<\/ul>\n<h3>Medikamenten-Statistik<\/h3>\n<p>Mit TurboMed k\u00f6nnen Sie sich jederzeit alle verordneten Medikamente eines frei definierbaren Zeitraumes ansehen. In einem umfangreichen Suchlauf werden alle in f\u00fcr den zuvor festgelegten Zeitraum verordneten Medikamente zusammengetragen und stehen sofort f\u00fcr individuelle Detailanalysen zur Verf\u00fcgung. Mit wenigen Klicks wird damit schnell klar, welches die gr\u00f6\u00dften &#8218;Verordnungs &#8211; Kostenbl\u00f6cke&#8216; einer Praxis sind.<\/p>\n<p>Im folgenden Beispiel ist es das Medikament <em>Temodal<\/em>, welches kostenm\u00e4\u00dfig den Spitzenreiter darstellt. <strong>Ein Klick hierauf<\/strong> und sofort \u00f6ffnet sich eine Liste <strong>mit denjenigen Patienten<\/strong>, welche dieses Pr\u00e4parat erhalten haben. <strong>Noch besser<\/strong>: in dieser Liste klickt man jetzt auf den gew\u00fcnschten Patienten und springt hierdurch genau in die Stelle seiner elektronischen Karteikarte, an der die seinerzeitige Verordnung abgelegt wurde. &#8211; ein Super-Komfort!<\/p>\n<p style=\"text-align: center;\"><a href=\"https:\/\/www.ilmenau.org\/sites\/?attachment_id=924\" rel=\"attachment wp-att-924\"><img decoding=\"async\" class=\"aligncenter  wp-image-924\" title=\"MedStatistik\" src=\"https:\/\/www.ilmenau.org\/sites\/wp-content\/uploads\/2007\/09\/MedStatistik.jpg\" alt=\"\" width=\"520\" srcset=\"https:\/\/www.ilmenau.org\/sites\/wp-content\/uploads\/2007\/09\/MedStatistik.jpg 550w, https:\/\/www.ilmenau.org\/sites\/wp-content\/uploads\/2007\/09\/MedStatistik-150x106.jpg 150w, https:\/\/www.ilmenau.org\/sites\/wp-content\/uploads\/2007\/09\/MedStatistik-300x213.jpg 300w\" sizes=\"(max-width: 550px) 100vw, 550px\" \/><\/a><\/p>\n<h3>Sparsam verordnen!<\/h3>\n<p>Auch die wiederholte <strong>unn\u00f6tige<\/strong> Verordnung von Pr\u00e4paraten wird von TurboMed \u00fcberwacht. Mittels eines einstellbaren Verordnungszeitraumes wird festgelegt, wann ein Pr\u00e4parat fr\u00fchestens erneut verordnet werden sollte. Ein einfaches Beispiel: schreiben Sie ein Digitalis-Pr\u00e4parat auf, welches einmal am Tag genommen werden soll und es sind 100 Tabletten in der Schachtel, m\u00fcsste diese Packung 100 Tage lang reichen. Kommt ein Patient, der zum Horten von Medikamenten neigt, nun deutlich fr\u00fcher wieder in die Praxis und m\u00f6chte dieses Pr\u00e4parat erneut verordnet haben, gibt TurboMed einen deutlichen Warnhinweis aus.<\/p>\n<h3>Komfort bei der Tagesstatistik<\/h3>\n<p>Die Tagesliste bietet neben der <strong>direkten Sprungm\u00f6glichkeit<\/strong> zu den Patienten eine ausgezeichnete \u00dcbersicht \u00fcber den aktuellen oder frei gew\u00e4hlten Tag: fehlende Leistungen k\u00f6nnen <strong>\u2018on the fly\u2019<\/strong> nachgetragen werden. \u00dcber eine eindeutige Farbgebung der Zeilen sind die fehlerhaften bzw. noch nicht abgerechneten F\u00e4lle schnell und \u00fcbersichtlich zu erfassen. Mit nur einem Klick sind Sie bei dem betroffenen Patienten und k\u00f6nnen die bspw. fehlende Abrechnungsziffer nachtragen.<\/p>\n<p>Viele Statistiken k\u00f6nnen \u00fcbrigens per Knopfdruck an weiter verarbeitende Programme (Excel, Word) \u00fcbergeben werden<\/p>\n","protected":false},"excerpt":{"rendered":"<p>individuelle, flexible Statistiken Export zu Office-Programmen TurboMed verf\u00fcgt \u00fcber eine Vielzahl von Statistiken, wie zum Beispiel: Diagnosenstatistik- Fallzahlen-\u00dcbersichten Leistungsstatistiken, z.B. Praxisbudget, Laborbudget Privat- und BG-Statistiken eine leistungsstarke Medikamentenstatistik (Regre\u00dfprophylaxe!) Tages\u00fcbersicht samt Tagesstatistik Medikamenten-Statistik Mit TurboMed k\u00f6nnen Sie sich jederzeit alle verordneten Medikamente eines frei definierbaren Zeitraumes ansehen. In einem umfangreichen Suchlauf werden alle in f\u00fcr [&hellip;]<\/p>\n","protected":false},"author":1,"featured_media":0,"parent":285,"menu_order":11,"comment_status":"closed","ping_status":"closed","template":"","meta":{"footnotes":""},"class_list":["post-14","page","type-page","status-publish","hentry"],"_links":{"self":[{"href":"https:\/\/www.ilmenau.org\/sites\/wp-json\/wp\/v2\/pages\/14","targetHints":{"allow":["GET"]}}],"collection":[{"href":"https:\/\/www.ilmenau.org\/sites\/wp-json\/wp\/v2\/pages"}],"about":[{"href":"https:\/\/www.ilmenau.org\/sites\/wp-json\/wp\/v2\/types\/page"}],"author":[{"embeddable":true,"href":"https:\/\/www.ilmenau.org\/sites\/wp-json\/wp\/v2\/users\/1"}],"replies":[{"embeddable":true,"href":"https:\/\/www.ilmenau.org\/sites\/wp-json\/wp\/v2\/comments?post=14"}],"version-history":[{"count":9,"href":"https:\/\/www.ilmenau.org\/sites\/wp-json\/wp\/v2\/pages\/14\/revisions"}],"predecessor-version":[{"id":97,"href":"https:\/\/www.ilmenau.org\/sites\/wp-json\/wp\/v2\/pages\/14\/revisions\/97"}],"up":[{"embeddable":true,"href":"https:\/\/www.ilmenau.org\/sites\/wp-json\/wp\/v2\/pages\/285"}],"wp:attachment":[{"href":"https:\/\/www.ilmenau.org\/sites\/wp-json\/wp\/v2\/media?parent=14"}],"curies":[{"name":"wp","href":"https:\/\/api.w.org\/{rel}","templated":true}]}}