{"id":1393,"date":"2016-09-16T13:48:48","date_gmt":"2016-09-16T12:48:48","guid":{"rendered":"http:\/\/www.ilmenau.org\/sites\/?page_id=1393"},"modified":"2022-11-27T04:03:37","modified_gmt":"2022-11-27T03:03:37","slug":"cgm-turbomed-varianten","status":"publish","type":"page","link":"https:\/\/www.ilmenau.org\/sites\/willkommen\/cgm-turbomed-varianten\/","title":{"rendered":"CGM TurboMed Varianten"},"content":{"rendered":"<p><a href=\"https:\/\/www.ilmenau.org\/sites\/wp-content\/uploads\/2022\/11\/CGMCOM-16798_MET_TI_Mehrwertdienste_2022_E-Rezept_TUR_0522_RRH_V1-3333x1873-1088x611-1.jpg\" rel=\"lytebox\"><img loading=\"lazy\" decoding=\"async\" class=\"aligncenter wp-image-2219 size-medium\" src=\"https:\/\/www.ilmenau.org\/sites\/wp-content\/uploads\/2022\/11\/CGMCOM-16798_MET_TI_Mehrwertdienste_2022_E-Rezept_TUR_0522_RRH_V1-3333x1873-1088x611-1-520x292.jpg\" alt=\"\" width=\"520\" height=\"292\" srcset=\"https:\/\/www.ilmenau.org\/sites\/wp-content\/uploads\/2022\/11\/CGMCOM-16798_MET_TI_Mehrwertdienste_2022_E-Rezept_TUR_0522_RRH_V1-3333x1873-1088x611-1-520x292.jpg 520w, https:\/\/www.ilmenau.org\/sites\/wp-content\/uploads\/2022\/11\/CGMCOM-16798_MET_TI_Mehrwertdienste_2022_E-Rezept_TUR_0522_RRH_V1-3333x1873-1088x611-1-1024x575.jpg 1024w, https:\/\/www.ilmenau.org\/sites\/wp-content\/uploads\/2022\/11\/CGMCOM-16798_MET_TI_Mehrwertdienste_2022_E-Rezept_TUR_0522_RRH_V1-3333x1873-1088x611-1-150x84.jpg 150w, https:\/\/www.ilmenau.org\/sites\/wp-content\/uploads\/2022\/11\/CGMCOM-16798_MET_TI_Mehrwertdienste_2022_E-Rezept_TUR_0522_RRH_V1-3333x1873-1088x611-1-768x431.jpg 768w, https:\/\/www.ilmenau.org\/sites\/wp-content\/uploads\/2022\/11\/CGMCOM-16798_MET_TI_Mehrwertdienste_2022_E-Rezept_TUR_0522_RRH_V1-3333x1873-1088x611-1.jpg 1088w\" sizes=\"auto, (max-width: 520px) 100vw, 520px\" \/><\/a><\/p>\n<p>&nbsp;<\/p>\n<h2>CGM TURBOMED BASIS Plus<\/h2>\n<h3>Alles was der Allgemeinmediziner braucht<\/h3>\n<p>CGM TURBOMED BASIS ist f\u00fcr den Einsatz in allgemeinmedizinischen Einzelpraxen optimiert, deren kassen\u00e4rztliche Abrechnung die Anzahl von 350 Scheinen im Quartal \u00fcberschreitet. Mit seinen hilfreichen Funktionen unterst\u00fctzt es alle wichtigen Bereiche wie z. B. die Patientenverwaltung, die Dokumentation, die Langzeitarchivierung sowie alle Formen der \u00e4rztlichen Abrechnung und stellt zudem eine Arzneimitteldatenbank zur Verf\u00fcgung.<\/p>\n<h2>CGM TURBOMED PRO Plus<\/h2>\n<h3>Auch f\u00fcr gr\u00f6\u00dfere Einrichtungen geeignet<\/h3>\n<p>CGM TURBOMED PRO ist f\u00fcr den Einsatz in jeder Praxisform bestens geeignet. Vor allem gr\u00f6\u00dfere Einrichtungen wie Gemeinschaftspraxen und Berufsaus\u00fcbungsgemeinschaften, deren Fachbereich eine Speicherung der Befundung sowie der \u00e4rztlichen Briefdokumentation notwendig macht, profitieren von den zahlreichen n\u00fctzlichen Funktionen von CGM TURBOMED PRO. Die Edition umfasst u. a. die Patientenverwaltung, die privat- und kassen\u00e4rztliche Abrechnung, die revisionssichere Dokumentenarchivierung sowie eine Funktion zur Umsatzoptimierung u. v. m.<\/p>\n<h2>CGM TURBOMED PREMIUM Plus<\/h2>\n<h3>F\u00fcr alle, die mehr wollen<\/h3>\n<p>Sie w\u00fcnschen sich ein Arztinformationssystem, das Sie nicht nur bei den allt\u00e4glichen Praxisabl\u00e4ufen unterst\u00fctzt, sondern dar\u00fcber hinaus auch die modernsten Services im Bereich der Arzt-\/Patientenkommunikation bietet? Dann ist CGM TURBOMED PREMIUM die optimale L\u00f6sung f\u00fcr Sie.<\/p>\n<p>Mit CGM TURBOMED PREMIUM stellen Sie Ihren Patienten einen gesicherten Kommunikationsweg \u00fcber Ihre Praxis-Website zur Verf\u00fcgung \u2013 und sparen Ihrem Team und den Patienten durch die M\u00f6glichkeit zur Online-Terminbuchung zudem wertvolle Zeit. Neben der Patientenverwaltung und deren Dokumentation sowie der Abrechnung von kassen\u00e4rztlichen Leistungen und privaten Leistungen enth\u00e4lt diese Edition ebenfalls eine Funktion zur Umsatzoptimierung.<\/p>\n","protected":false},"excerpt":{"rendered":"<p>&nbsp; CGM TURBOMED BASIS Plus Alles was der Allgemeinmediziner braucht CGM TURBOMED BASIS ist f\u00fcr den Einsatz in allgemeinmedizinischen Einzelpraxen optimiert, deren kassen\u00e4rztliche Abrechnung die Anzahl von 350 Scheinen im Quartal \u00fcberschreitet. Mit seinen hilfreichen Funktionen unterst\u00fctzt es alle wichtigen Bereiche wie z. B. die Patientenverwaltung, die Dokumentation, die Langzeitarchivierung sowie alle Formen der \u00e4rztlichen [&hellip;]<\/p>\n","protected":false},"author":1,"featured_media":0,"parent":24,"menu_order":0,"comment_status":"closed","ping_status":"closed","template":"","meta":{"footnotes":""},"class_list":["post-1393","page","type-page","status-publish","hentry"],"_links":{"self":[{"href":"https:\/\/www.ilmenau.org\/sites\/wp-json\/wp\/v2\/pages\/1393","targetHints":{"allow":["GET"]}}],"collection":[{"href":"https:\/\/www.ilmenau.org\/sites\/wp-json\/wp\/v2\/pages"}],"about":[{"href":"https:\/\/www.ilmenau.org\/sites\/wp-json\/wp\/v2\/types\/page"}],"author":[{"embeddable":true,"href":"https:\/\/www.ilmenau.org\/sites\/wp-json\/wp\/v2\/users\/1"}],"replies":[{"embeddable":true,"href":"https:\/\/www.ilmenau.org\/sites\/wp-json\/wp\/v2\/comments?post=1393"}],"version-history":[{"count":20,"href":"https:\/\/www.ilmenau.org\/sites\/wp-json\/wp\/v2\/pages\/1393\/revisions"}],"predecessor-version":[{"id":2059,"href":"https:\/\/www.ilmenau.org\/sites\/wp-json\/wp\/v2\/pages\/1393\/revisions\/2059"}],"up":[{"embeddable":true,"href":"https:\/\/www.ilmenau.org\/sites\/wp-json\/wp\/v2\/pages\/24"}],"wp:attachment":[{"href":"https:\/\/www.ilmenau.org\/sites\/wp-json\/wp\/v2\/media?parent=1393"}],"curies":[{"name":"wp","href":"https:\/\/api.w.org\/{rel}","templated":true}]}}