{"id":11,"date":"2007-09-18T00:21:58","date_gmt":"2007-09-17T22:21:58","guid":{"rendered":"http:\/\/www.ilmenau.org\/wordpress\/?page_id=11"},"modified":"2012-04-06T00:46:30","modified_gmt":"2012-04-05T23:46:30","slug":"ein-schlaues-workflowmanagement-bietet-reibungslosen-arbeitsablauf","status":"publish","type":"page","link":"https:\/\/www.ilmenau.org\/sites\/willkommen\/turbomed-leistungsbeschreibung\/ein-schlaues-workflowmanagement-bietet-reibungslosen-arbeitsablauf\/","title":{"rendered":"Workflowmanagement"},"content":{"rendered":"<ul>\n<li>Ein schlaues Workflowmanagement bietet reibungslosen Arbeitsablauf!<\/li>\n<li>Keine Honorareinbu\u00dfen durch Abrechnungserinnerung und Qualit\u00e4tssicherung inklusive &#8230;<\/li>\n<\/ul>\n<p>Im Praxisalltag geht es hektisch zu, da ist schnell mal eine Voruntersuchung vergessen, ein Fragebogen nicht mitgegeben oder die Abrechnung einer Leistung unter den Tisch gefallen, weil sie einfach in der Hektik untergeht.<\/p>\n<p>Gut, wenn man f\u00fcr komplexere Abl\u00e4ufe einen individuellen Behandlungspfad hat, der die n\u00e4chsten offenen Arbeitsschritte in den Vordergrund &#8211; also direkt auf die Patientenmaske &#8211; bringt.<\/p>\n<p><img loading=\"lazy\" decoding=\"async\" class=\"aligncenter\" style=\"border: 0pt none;\" src=\"..\/..\/..\/images\/abl_deskt2.jpg\" alt=\"Patientendesktop mit Ablaufschritten\" width=\"312\" height=\"347\" border=\"0\" \/><\/p>\n<p style=\"text-align: justify;\">Wenn Sie Ihre Arbeitsweisen in einem Flussdiagramm abbilden k\u00f6nnten, welches durch Pfeile die Abh\u00e4ngigkeiten der einzelnen Arbeitsschritte darstellt &#8211; wie w\u00fcrden Sie z.B. das Vorgehen einer Gesundheitsuntersuchung in Ihrer Praxis abbilden? Vielleicht so wie in dem Beispiel?<\/p>\n<p style=\"text-align: center;\"><a href=\"https:\/\/www.ilmenau.org\/sites\/?attachment_id=929\" rel=\"attachment wp-att-929\"><img decoding=\"async\" class=\"aligncenter  wp-image-929\" title=\"abl_fluss\" src=\"https:\/\/www.ilmenau.org\/sites\/wp-content\/uploads\/2007\/09\/abl_fluss.jpg\" alt=\"\" width=\"520\" srcset=\"https:\/\/www.ilmenau.org\/sites\/wp-content\/uploads\/2007\/09\/abl_fluss.jpg 550w, https:\/\/www.ilmenau.org\/sites\/wp-content\/uploads\/2007\/09\/abl_fluss-150x123.jpg 150w, https:\/\/www.ilmenau.org\/sites\/wp-content\/uploads\/2007\/09\/abl_fluss-300x246.jpg 300w\" sizes=\"(max-width: 550px) 100vw, 550px\" \/><\/a><\/p>\n<p>Die beiden oberen Schritte in gelb (die Farben sind frei w\u00e4hlbar) m\u00fcssen als erstes erledigt werden. Sind diese beiden Punkte &#8222;abgearbeitet&#8220;, werden die n\u00e4chsten 3 blauen Schritte f\u00e4llig. Erst nachdem alle Ergebnisse \u00fcbernommen wurden soll der Patient in die Sprechstunde zur Gesundheitsuntersuchung.<\/p>\n<p>Genau diese Abh\u00e4ngigkeiten werden bei der Anzeige auf der Patientenmaske ber\u00fccksichtigt. Erst wenn bestimmte Aufgaben erledigt sind, werden die n\u00e4chsten Schritte f\u00e4llig und somit angezeigt.<\/p>\n<p>Beim Patienten wird ein solcher Ablauf entweder vom Arzt oder von einer Helferin ausgel\u00f6st.<\/p>\n<p>\u00dcber &#8218;Strg&#8216; + &#8218;Q&#8216; werden die aktiven Abl\u00e4ufe des Patienten in einer \u00dcbersicht gezeigt und wie deren Status &#8211; &#8222;offen&#8220;, &#8222;erledigt&#8220; oder &#8222;in Arbeit&#8220; &#8211; aktuell steht. Ist \u00fcber den Button &#8222;Ablauf zuweisen&#8220; ein kompletter Ablauf hinterlegt, werden die ersten &#8222;offenen&#8220; Schritte auch direkt auf der Patientenmaske angezeigt.<\/p>\n<p style=\"text-align: center;\"><a href=\"https:\/\/www.ilmenau.org\/sites\/?attachment_id=930\" rel=\"attachment wp-att-930\"><img decoding=\"async\" class=\"aligncenter  wp-image-930\" title=\"abl_listeaktiv1\" src=\"https:\/\/www.ilmenau.org\/sites\/wp-content\/uploads\/2007\/09\/abl_listeaktiv1.jpg\" alt=\"\" width=\"520\" srcset=\"https:\/\/www.ilmenau.org\/sites\/wp-content\/uploads\/2007\/09\/abl_listeaktiv1.jpg 550w, https:\/\/www.ilmenau.org\/sites\/wp-content\/uploads\/2007\/09\/abl_listeaktiv1-150x77.jpg 150w, https:\/\/www.ilmenau.org\/sites\/wp-content\/uploads\/2007\/09\/abl_listeaktiv1-300x154.jpg 300w\" sizes=\"(max-width: 550px) 100vw, 550px\" \/><\/a><\/p>\n<p>Ist die Aufgabe &#8222;erledigt&#8220; &#8211; klickt bspw. die Helferin in der Liste auf die Statusmeldung und w\u00e4hlt &#8222;erledigt&#8220; aus &#8211; so verschwindet diese Aufgabe aus der Liste und auch aus der Patientenmaske. Es ist \u00fcber die Filter einstellbar, dass auch erledigte Schritte noch weiterhin in der \u00dcbersicht angezeigt werden.<\/p>\n<p>Ist in dem Beispiel der Gesundheitsuntersuchung auch die Terminvergabe erledigt \u00f6ffnen sich die n\u00e4chsten Schritte, die anschlie\u00dfend zu tun sind.<\/p>\n<p>Hinterlegen Sie die Ablaufschritte noch mit einem Komplex zur Abrechnung der jeweiligen Leistungsziffern werden direkt bei der Erledigung eines Schrittes die jeweils vorgegebenen Ziffern\/Ziffernketten zur Auswahl vorgeschlagen.<\/p>\n<p style=\"text-align: center;\"><a href=\"https:\/\/www.ilmenau.org\/sites\/?attachment_id=931\" rel=\"attachment wp-att-931\"><img decoding=\"async\" class=\"aligncenter  wp-image-931\" title=\"abl_listeaktiv2\" src=\"https:\/\/www.ilmenau.org\/sites\/wp-content\/uploads\/2007\/09\/abl_listeaktiv2.jpg\" alt=\"\" width=\"520\" srcset=\"https:\/\/www.ilmenau.org\/sites\/wp-content\/uploads\/2007\/09\/abl_listeaktiv2.jpg 550w, https:\/\/www.ilmenau.org\/sites\/wp-content\/uploads\/2007\/09\/abl_listeaktiv2-150x77.jpg 150w, https:\/\/www.ilmenau.org\/sites\/wp-content\/uploads\/2007\/09\/abl_listeaktiv2-300x154.jpg 300w\" sizes=\"(max-width: 550px) 100vw, 550px\" \/><\/a> <img loading=\"lazy\" decoding=\"async\" class=\"aligncenter\" style=\"border: 0pt none;\" src=\"..\/..\/..\/images\/abl_deskt1a.jpg\" alt=\"\" width=\"306\" height=\"198\" border=\"0\" \/><\/p>\n<p>In diesen Komplexen k\u00f6nnen nat\u00fcrlich auch Befunde, Briefe usw. eingebunden werden, die dann automatisch durch die Ablaufsteuerung aufgerufen werden.<\/p>\n<h2>Qualit\u00e4tssicherung in der Arztpraxis<\/h2>\n<h3>&#8230; mit der Ablaufsteuerung einfach realisiert!<\/h3>\n<p>Arbeitsplatz-Beschreibungen, div. Hygienebl\u00e4tter, Kontrolle der Arzttasche oder des K\u00fchlschranks etc. &#8211; all dies kann \u00fcber selbst erstellte Dokumente und Checklisten den jeweiligen Praxis-Mitarbeitern zugewiesen werden. Jedes Teammitglied kann so \u00fcber individuelle ToDo-Listen ersehen, was zu lesen ist bzw. welche Aufgaben noch zu erledigen sind. Die Listen werden dazu Mitarbeiter-bezogen \u00fcber Filter angezeigt.<\/p>\n<p style=\"text-align: center;\"><a href=\"https:\/\/www.ilmenau.org\/sites\/?attachment_id=934\" rel=\"attachment wp-att-934\"><img decoding=\"async\" class=\"aligncenter  wp-image-934\" title=\"abl_qm\" src=\"https:\/\/www.ilmenau.org\/sites\/wp-content\/uploads\/2007\/09\/abl_qm.jpg\" alt=\"\" width=\"520\" srcset=\"https:\/\/www.ilmenau.org\/sites\/wp-content\/uploads\/2007\/09\/abl_qm.jpg 550w, https:\/\/www.ilmenau.org\/sites\/wp-content\/uploads\/2007\/09\/abl_qm-150x73.jpg 150w, https:\/\/www.ilmenau.org\/sites\/wp-content\/uploads\/2007\/09\/abl_qm-300x147.jpg 300w\" sizes=\"(max-width: 550px) 100vw, 550px\" \/><\/a><\/p>\n<p>Haben Sie z.B. eine Checkliste \u00fcber den erforderlichen Inhalt Ihrer Arzttasche als Dokument \u00fcber die Komplexsteuerung hinterlegt, so wird diese einfach \u00fcber einen Doppelklick ge\u00f6ffnet. Jedes wichtige Dokument ist so auf diese Weise immer sofort zur Hand!<\/p>\n","protected":false},"excerpt":{"rendered":"<p>Ein schlaues Workflowmanagement bietet reibungslosen Arbeitsablauf! Keine Honorareinbu\u00dfen durch Abrechnungserinnerung und Qualit\u00e4tssicherung inklusive &#8230; Im Praxisalltag geht es hektisch zu, da ist schnell mal eine Voruntersuchung vergessen, ein Fragebogen nicht mitgegeben oder die Abrechnung einer Leistung unter den Tisch gefallen, weil sie einfach in der Hektik untergeht. Gut, wenn man f\u00fcr komplexere Abl\u00e4ufe einen individuellen [&hellip;]<\/p>\n","protected":false},"author":1,"featured_media":0,"parent":285,"menu_order":10,"comment_status":"closed","ping_status":"closed","template":"","meta":{"footnotes":""},"class_list":["post-11","page","type-page","status-publish","hentry"],"_links":{"self":[{"href":"https:\/\/www.ilmenau.org\/sites\/wp-json\/wp\/v2\/pages\/11","targetHints":{"allow":["GET"]}}],"collection":[{"href":"https:\/\/www.ilmenau.org\/sites\/wp-json\/wp\/v2\/pages"}],"about":[{"href":"https:\/\/www.ilmenau.org\/sites\/wp-json\/wp\/v2\/types\/page"}],"author":[{"embeddable":true,"href":"https:\/\/www.ilmenau.org\/sites\/wp-json\/wp\/v2\/users\/1"}],"replies":[{"embeddable":true,"href":"https:\/\/www.ilmenau.org\/sites\/wp-json\/wp\/v2\/comments?post=11"}],"version-history":[{"count":9,"href":"https:\/\/www.ilmenau.org\/sites\/wp-json\/wp\/v2\/pages\/11\/revisions"}],"predecessor-version":[{"id":595,"href":"https:\/\/www.ilmenau.org\/sites\/wp-json\/wp\/v2\/pages\/11\/revisions\/595"}],"up":[{"embeddable":true,"href":"https:\/\/www.ilmenau.org\/sites\/wp-json\/wp\/v2\/pages\/285"}],"wp:attachment":[{"href":"https:\/\/www.ilmenau.org\/sites\/wp-json\/wp\/v2\/media?parent=11"}],"curies":[{"name":"wp","href":"https:\/\/api.w.org\/{rel}","templated":true}]}}